{"id":8699,"date":"2021-05-31T15:37:08","date_gmt":"2021-05-31T15:37:08","guid":{"rendered":"https:\/\/site.veko-al.com\/product\/kalos-max-alto\/"},"modified":"2023-01-05T13:21:12","modified_gmt":"2023-01-05T12:21:12","slug":"kalos-max-alto","status":"publish","type":"product","link":"https:\/\/veko-al.com\/en\/product\/kalos-max-alto\/","title":{"rendered":"Kalos Armchair"},"content":{"rendered":"<p>Nj\u00eb interpretim modern i karriges m\u00eb klasike t\u00eb leht\u00eb, Kalos vjen si n\u00eb tapiceri l\u00ebkure dhe p\u00eblhure. Kjo e fundit mund t\u00eb shtrihet ose t\u00eb formohet nga nj\u00eb mbules\u00eb slip q\u00eb fsheh k\u00ebmb\u00ebt ose baz\u00ebn rrotulluese. Mb\u00ebshtetja e k\u00ebmb\u00ebs ka dy lart\u00ebsi t\u00eb ndryshme. K\u00ebmb\u00ebt jan\u00eb prej druri t\u00eb fort\u00eb n\u00eb disa p\u00ebrfundime, lisi t\u00eb lehta ose t\u00eb zi, ose n\u00eb lisi gri ose kafe, ose wenge.<\/p>\n","protected":false},"excerpt":{"rendered":"<p>Nj\u00eb interpretim modern i karriges m\u00eb klasike t\u00eb leht\u00eb, Kalos vjen si n\u00eb tapiceri l\u00ebkure dhe p\u00eblhure.<\/p>\n","protected":false},"featured_media":18795,"comment_status":"open","ping_status":"closed","template":"","meta":{"_acf_changed":false},"product_brand":[207],"product_cat":[55,43,51,83,108],"product_tag":[],"class_list":{"0":"post-8699","1":"product","2":"type-product","3":"status-publish","4":"has-post-thumbnail","6":"product_brand-bb-italia","7":"product_cat-dhoma-gjumi","8":"product_cat-dhoma-ndenjeje","9":"product_cat-dhoma-ngrenieje","10":"product_cat-karrige-dhe-poltrone","11":"product_cat-mobilje-zyrash","13":"first","14":"outofstock","15":"taxable","16":"shipping-taxable","17":"purchasable","18":"product-type-simple"},"acf":[],"yoast_head":"<!-- This site is optimized with the Yoast SEO plugin v27.3 - https:\/\/yoast.com\/product\/yoast-seo-wordpress\/ -->\n<title>Kalos Armchair - Veko<\/title>\n<meta name=\"robots\" content=\"index, follow, max-snippet:-1, max-image-preview:large, max-video-preview:-1\" \/>\n<link rel=\"canonical\" href=\"https:\/\/veko-al.com\/en\/product\/kalos-max-alto\/\" \/>\n<meta property=\"og:locale\" content=\"en_US\" \/>\n<meta property=\"og:type\" content=\"article\" \/>\n<meta property=\"og:title\" content=\"Kalos Armchair - Veko\" \/>\n<meta property=\"og:description\" content=\"Nj\u00eb interpretim modern i karriges m\u00eb klasike t\u00eb leht\u00eb, Kalos vjen si n\u00eb tapiceri l\u00ebkure dhe p\u00eblhure.\" \/>\n<meta property=\"og:url\" content=\"https:\/\/veko-al.com\/en\/product\/kalos-max-alto\/\" \/>\n<meta property=\"og:site_name\" content=\"Veko\" \/>\n<meta property=\"article:publisher\" content=\"https:\/\/www.facebook.com\/VEKO.Ltd\/\" \/>\n<meta property=\"article:modified_time\" content=\"2023-01-05T12:21:12+00:00\" \/>\n<meta property=\"og:image\" content=\"https:\/\/veko-al.com\/wp-content\/uploads\/2021\/05\/KALOS-MAXALTO-1.png\" \/>\n\t<meta property=\"og:image:width\" content=\"340\" \/>\n\t<meta property=\"og:image:height\" content=\"340\" \/>\n\t<meta property=\"og:image:type\" content=\"image\/png\" \/>\n<meta name=\"twitter:card\" content=\"summary_large_image\" \/>\n<meta name=\"twitter:site\" content=\"@VekoGroup\" \/>\n<script type=\"application\/ld+json\" class=\"yoast-schema-graph\">{\"@context\":\"https:\\\/\\\/schema.org\",\"@graph\":[{\"@type\":\"WebPage\",\"@id\":\"https:\\\/\\\/veko-al.com\\\/en\\\/product\\\/kalos-max-alto\\\/\",\"url\":\"https:\\\/\\\/veko-al.com\\\/en\\\/product\\\/kalos-max-alto\\\/\",\"name\":\"Kalos Armchair - Veko\",\"isPartOf\":{\"@id\":\"https:\\\/\\\/veko-al.com\\\/en\\\/#website\"},\"primaryImageOfPage\":{\"@id\":\"https:\\\/\\\/veko-al.com\\\/en\\\/product\\\/kalos-max-alto\\\/#primaryimage\"},\"image\":{\"@id\":\"https:\\\/\\\/veko-al.com\\\/en\\\/product\\\/kalos-max-alto\\\/#primaryimage\"},\"thumbnailUrl\":\"https:\\\/\\\/veko-al.com\\\/wp-content\\\/uploads\\\/2021\\\/05\\\/KALOS-MAXALTO-1.png\",\"datePublished\":\"2021-05-31T15:37:08+00:00\",\"dateModified\":\"2023-01-05T12:21:12+00:00\",\"breadcrumb\":{\"@id\":\"https:\\\/\\\/veko-al.com\\\/en\\\/product\\\/kalos-max-alto\\\/#breadcrumb\"},\"inLanguage\":\"en-US\",\"potentialAction\":[{\"@type\":\"ReadAction\",\"target\":[\"https:\\\/\\\/veko-al.com\\\/en\\\/product\\\/kalos-max-alto\\\/\"]}]},{\"@type\":\"ImageObject\",\"inLanguage\":\"en-US\",\"@id\":\"https:\\\/\\\/veko-al.com\\\/en\\\/product\\\/kalos-max-alto\\\/#primaryimage\",\"url\":\"https:\\\/\\\/veko-al.com\\\/wp-content\\\/uploads\\\/2021\\\/05\\\/KALOS-MAXALTO-1.png\",\"contentUrl\":\"https:\\\/\\\/veko-al.com\\\/wp-content\\\/uploads\\\/2021\\\/05\\\/KALOS-MAXALTO-1.png\",\"width\":340,\"height\":340},{\"@type\":\"BreadcrumbList\",\"@id\":\"https:\\\/\\\/veko-al.com\\\/en\\\/product\\\/kalos-max-alto\\\/#breadcrumb\",\"itemListElement\":[{\"@type\":\"ListItem\",\"position\":1,\"name\":\"Home\",\"item\":\"https:\\\/\\\/veko-al.com\\\/en\\\/\"},{\"@type\":\"ListItem\",\"position\":2,\"name\":\"Shop\",\"item\":\"https:\\\/\\\/veko-al.com\\\/en\\\/shop\\\/\"},{\"@type\":\"ListItem\",\"position\":3,\"name\":\"Kalos Armchair\"}]},{\"@type\":\"WebSite\",\"@id\":\"https:\\\/\\\/veko-al.com\\\/en\\\/#website\",\"url\":\"https:\\\/\\\/veko-al.com\\\/en\\\/\",\"name\":\"Veko\",\"description\":\"Veko | Timber Products | Parquet | Furniture &amp; Interior Design\",\"publisher\":{\"@id\":\"https:\\\/\\\/veko-al.com\\\/en\\\/#organization\"},\"potentialAction\":[{\"@type\":\"SearchAction\",\"target\":{\"@type\":\"EntryPoint\",\"urlTemplate\":\"https:\\\/\\\/veko-al.com\\\/en\\\/?s={search_term_string}\"},\"query-input\":{\"@type\":\"PropertyValueSpecification\",\"valueRequired\":true,\"valueName\":\"search_term_string\"}}],\"inLanguage\":\"en-US\"},{\"@type\":\"Organization\",\"@id\":\"https:\\\/\\\/veko-al.com\\\/en\\\/#organization\",\"name\":\"Veko\",\"url\":\"https:\\\/\\\/veko-al.com\\\/en\\\/\",\"logo\":{\"@type\":\"ImageObject\",\"inLanguage\":\"en-US\",\"@id\":\"https:\\\/\\\/veko-al.com\\\/en\\\/#\\\/schema\\\/logo\\\/image\\\/\",\"url\":\"https:\\\/\\\/veko-al.com\\\/wp-content\\\/uploads\\\/2020\\\/06\\\/veko-logo.png\",\"contentUrl\":\"https:\\\/\\\/veko-al.com\\\/wp-content\\\/uploads\\\/2020\\\/06\\\/veko-logo.png\",\"width\":90,\"height\":90,\"caption\":\"Veko\"},\"image\":{\"@id\":\"https:\\\/\\\/veko-al.com\\\/en\\\/#\\\/schema\\\/logo\\\/image\\\/\"},\"sameAs\":[\"https:\\\/\\\/www.facebook.com\\\/VEKO.Ltd\\\/\",\"https:\\\/\\\/x.com\\\/VekoGroup\",\"https:\\\/\\\/www.instagram.com\\\/veko_group\\\/\",\"https:\\\/\\\/www.linkedin.com\\\/company\\\/veko-group\\\/\",\"https:\\\/\\\/www.youtube.com\\\/channel\\\/UCTRKtaHX-A60sAzCttcAbBw\"]}]}<\/script>\n<!-- \/ Yoast SEO plugin. -->","yoast_head_json":{"title":"Kalos Armchair - Veko","robots":{"index":"index","follow":"follow","max-snippet":"max-snippet:-1","max-image-preview":"max-image-preview:large","max-video-preview":"max-video-preview:-1"},"canonical":"https:\/\/veko-al.com\/en\/product\/kalos-max-alto\/","og_locale":"en_US","og_type":"article","og_title":"Kalos Armchair - Veko","og_description":"Nj\u00eb interpretim modern i karriges m\u00eb klasike t\u00eb leht\u00eb, Kalos vjen si n\u00eb tapiceri l\u00ebkure dhe p\u00eblhure.","og_url":"https:\/\/veko-al.com\/en\/product\/kalos-max-alto\/","og_site_name":"Veko","article_publisher":"https:\/\/www.facebook.com\/VEKO.Ltd\/","article_modified_time":"2023-01-05T12:21:12+00:00","og_image":[{"width":340,"height":340,"url":"https:\/\/veko-al.com\/wp-content\/uploads\/2021\/05\/KALOS-MAXALTO-1.png","type":"image\/png"}],"twitter_card":"summary_large_image","twitter_site":"@VekoGroup","schema":{"@context":"https:\/\/schema.org","@graph":[{"@type":"WebPage","@id":"https:\/\/veko-al.com\/en\/product\/kalos-max-alto\/","url":"https:\/\/veko-al.com\/en\/product\/kalos-max-alto\/","name":"Kalos Armchair - Veko","isPartOf":{"@id":"https:\/\/veko-al.com\/en\/#website"},"primaryImageOfPage":{"@id":"https:\/\/veko-al.com\/en\/product\/kalos-max-alto\/#primaryimage"},"image":{"@id":"https:\/\/veko-al.com\/en\/product\/kalos-max-alto\/#primaryimage"},"thumbnailUrl":"https:\/\/veko-al.com\/wp-content\/uploads\/2021\/05\/KALOS-MAXALTO-1.png","datePublished":"2021-05-31T15:37:08+00:00","dateModified":"2023-01-05T12:21:12+00:00","breadcrumb":{"@id":"https:\/\/veko-al.com\/en\/product\/kalos-max-alto\/#breadcrumb"},"inLanguage":"en-US","potentialAction":[{"@type":"ReadAction","target":["https:\/\/veko-al.com\/en\/product\/kalos-max-alto\/"]}]},{"@type":"ImageObject","inLanguage":"en-US","@id":"https:\/\/veko-al.com\/en\/product\/kalos-max-alto\/#primaryimage","url":"https:\/\/veko-al.com\/wp-content\/uploads\/2021\/05\/KALOS-MAXALTO-1.png","contentUrl":"https:\/\/veko-al.com\/wp-content\/uploads\/2021\/05\/KALOS-MAXALTO-1.png","width":340,"height":340},{"@type":"BreadcrumbList","@id":"https:\/\/veko-al.com\/en\/product\/kalos-max-alto\/#breadcrumb","itemListElement":[{"@type":"ListItem","position":1,"name":"Home","item":"https:\/\/veko-al.com\/en\/"},{"@type":"ListItem","position":2,"name":"Shop","item":"https:\/\/veko-al.com\/en\/shop\/"},{"@type":"ListItem","position":3,"name":"Kalos Armchair"}]},{"@type":"WebSite","@id":"https:\/\/veko-al.com\/en\/#website","url":"https:\/\/veko-al.com\/en\/","name":"Veko","description":"Veko | Timber Products | Parquet | Furniture &amp; Interior Design","publisher":{"@id":"https:\/\/veko-al.com\/en\/#organization"},"potentialAction":[{"@type":"SearchAction","target":{"@type":"EntryPoint","urlTemplate":"https:\/\/veko-al.com\/en\/?s={search_term_string}"},"query-input":{"@type":"PropertyValueSpecification","valueRequired":true,"valueName":"search_term_string"}}],"inLanguage":"en-US"},{"@type":"Organization","@id":"https:\/\/veko-al.com\/en\/#organization","name":"Veko","url":"https:\/\/veko-al.com\/en\/","logo":{"@type":"ImageObject","inLanguage":"en-US","@id":"https:\/\/veko-al.com\/en\/#\/schema\/logo\/image\/","url":"https:\/\/veko-al.com\/wp-content\/uploads\/2020\/06\/veko-logo.png","contentUrl":"https:\/\/veko-al.com\/wp-content\/uploads\/2020\/06\/veko-logo.png","width":90,"height":90,"caption":"Veko"},"image":{"@id":"https:\/\/veko-al.com\/en\/#\/schema\/logo\/image\/"},"sameAs":["https:\/\/www.facebook.com\/VEKO.Ltd\/","https:\/\/x.com\/VekoGroup","https:\/\/www.instagram.com\/veko_group\/","https:\/\/www.linkedin.com\/company\/veko-group\/","https:\/\/www.youtube.com\/channel\/UCTRKtaHX-A60sAzCttcAbBw"]}]}},"wpml_current_locale":"sq_AL","wpml_translations":[],"_links":{"self":[{"href":"https:\/\/veko-al.com\/en\/wp-json\/wp\/v2\/product\/8699","targetHints":{"allow":["GET"]}}],"collection":[{"href":"https:\/\/veko-al.com\/en\/wp-json\/wp\/v2\/product"}],"about":[{"href":"https:\/\/veko-al.com\/en\/wp-json\/wp\/v2\/types\/product"}],"replies":[{"embeddable":true,"href":"https:\/\/veko-al.com\/en\/wp-json\/wp\/v2\/comments?post=8699"}],"wp:featuredmedia":[{"embeddable":true,"href":"https:\/\/veko-al.com\/en\/wp-json\/wp\/v2\/media\/18795"}],"wp:attachment":[{"href":"https:\/\/veko-al.com\/en\/wp-json\/wp\/v2\/media?parent=8699"}],"wp:term":[{"taxonomy":"product_brand","embeddable":true,"href":"https:\/\/veko-al.com\/en\/wp-json\/wp\/v2\/product_brand?post=8699"},{"taxonomy":"product_cat","embeddable":true,"href":"https:\/\/veko-al.com\/en\/wp-json\/wp\/v2\/product_cat?post=8699"},{"taxonomy":"product_tag","embeddable":true,"href":"https:\/\/veko-al.com\/en\/wp-json\/wp\/v2\/product_tag?post=8699"}],"curies":[{"name":"wp","href":"https:\/\/api.w.org\/{rel}","templated":true}]}}