{"id":63100,"date":"2026-03-18T10:45:18","date_gmt":"2026-03-18T09:45:18","guid":{"rendered":"https:\/\/veko-al.com\/?post_type=product&#038;p=63100"},"modified":"2026-03-18T12:00:40","modified_gmt":"2026-03-18T11:00:40","slug":"ocean-vase-l-fume","status":"publish","type":"product","link":"https:\/\/veko-al.com\/en\/product\/ocean-vase-l-fume\/","title":{"rendered":"OCEAN VASE L FUME"},"content":{"rendered":"<p>Vazoja Ocean \u00ebsht\u00eb nj\u00eb krijim elegant dhe i sofistikuar prej qelqi, e punuar me mjesht\u00ebri t\u00eb madhe n\u00eb studion Seguso, C\u00e1 d\u2019Oro, n\u00eb Brazil. Flluskat e vogla t\u00eb qelqit n\u00eb ngjyr\u00eb fum\u00e9, t\u00eb kombinuara me elemente ari, krijojn\u00eb nj\u00eb model magjeps\u00ebs dhe t\u00eb nd\u00ebrlikuar q\u00eb reflekton drit\u00ebn n\u00eb m\u00ebnyra t\u00eb ndryshme, duke i dh\u00ebn\u00eb vazoje nj\u00eb hijeshi dhe nj\u00eb karakter t\u00ebrheq\u00ebs. \u00c7do detaj \u00ebsht\u00eb i punuar me kujdes, duke e b\u00ebr\u00eb k\u00ebt\u00eb vazo jo vet\u00ebm nj\u00eb objekt dekorativ, por edhe nj\u00eb vep\u00ebr arti unike q\u00eb mund t\u00eb t\u00ebrheq\u00eb v\u00ebmendjen n\u00eb \u00e7do hap\u00ebsir\u00eb.<\/p>\n","protected":false},"excerpt":{"rendered":"<p>The Ocean Vase L Fum\u00e9 is an elegant glass creation, crafted at the Seguso family\u2019s C\u00e1 d\u2019Oro studio in Brazil. Small bubbles of glass in a fum\u00e9 color, combined with gold elements, create a mesmerizing pattern that gives this vase a unique and captivating character.<\/p>\n","protected":false},"featured_media":63118,"comment_status":"closed","ping_status":"closed","template":"","meta":{"_acf_changed":false},"product_brand":[926],"product_cat":[167,171,188,164,157,175],"product_tag":[],"class_list":{"0":"post-63100","1":"product","2":"type-product","3":"status-publish","4":"has-post-thumbnail","6":"product_brand-gardeco","7":"product_cat-accessories","8":"product_cat-bedroom","9":"product_cat-decorative-objects","10":"product_cat-dining-room","11":"product_cat-living-room","12":"product_cat-office-furniture","14":"first","15":"outofstock","16":"taxable","17":"shipping-taxable","18":"product-type-simple"},"acf":[],"yoast_head":"<!-- This site is optimized with the Yoast SEO plugin v27.3 - https:\/\/yoast.com\/product\/yoast-seo-wordpress\/ -->\n<title>OCEAN VASE L FUME - Veko<\/title>\n<meta name=\"robots\" content=\"index, follow, max-snippet:-1, max-image-preview:large, max-video-preview:-1\" \/>\n<link rel=\"canonical\" href=\"https:\/\/veko-al.com\/en\/product\/ocean-vase-l-fume\/\" \/>\n<meta property=\"og:locale\" content=\"en_US\" \/>\n<meta property=\"og:type\" content=\"article\" \/>\n<meta property=\"og:title\" content=\"OCEAN VASE L FUME - Veko\" \/>\n<meta property=\"og:description\" content=\"The Ocean Vase L Fum\u00e9 is an elegant glass creation, crafted at the Seguso family\u2019s C\u00e1 d\u2019Oro studio in Brazil. Small bubbles of glass in a fum\u00e9 color, combined with gold elements, create a mesmerizing pattern that gives this vase a unique and captivating character.\" \/>\n<meta property=\"og:url\" content=\"https:\/\/veko-al.com\/en\/product\/ocean-vase-l-fume\/\" \/>\n<meta property=\"og:site_name\" content=\"Veko\" \/>\n<meta property=\"article:publisher\" content=\"https:\/\/www.facebook.com\/VEKO.Ltd\/\" \/>\n<meta property=\"article:modified_time\" content=\"2026-03-18T11:00:40+00:00\" \/>\n<meta property=\"og:image\" content=\"https:\/\/veko-al.com\/wp-content\/uploads\/2026\/03\/gardeco-vase-glas-ocean-seguso-3-1.webp\" \/>\n\t<meta property=\"og:image:width\" content=\"900\" \/>\n\t<meta property=\"og:image:height\" content=\"900\" \/>\n\t<meta property=\"og:image:type\" content=\"image\/webp\" \/>\n<meta name=\"twitter:card\" content=\"summary_large_image\" \/>\n<meta name=\"twitter:site\" content=\"@VekoGroup\" \/>\n<meta name=\"twitter:label1\" content=\"Est. reading time\" \/>\n\t<meta name=\"twitter:data1\" content=\"1 minute\" \/>\n<script type=\"application\/ld+json\" class=\"yoast-schema-graph\">{\"@context\":\"https:\\\/\\\/schema.org\",\"@graph\":[{\"@type\":\"WebPage\",\"@id\":\"https:\\\/\\\/veko-al.com\\\/en\\\/product\\\/ocean-vase-l-fume\\\/\",\"url\":\"https:\\\/\\\/veko-al.com\\\/en\\\/product\\\/ocean-vase-l-fume\\\/\",\"name\":\"OCEAN VASE L FUME - Veko\",\"isPartOf\":{\"@id\":\"https:\\\/\\\/veko-al.com\\\/en\\\/#website\"},\"primaryImageOfPage\":{\"@id\":\"https:\\\/\\\/veko-al.com\\\/en\\\/product\\\/ocean-vase-l-fume\\\/#primaryimage\"},\"image\":{\"@id\":\"https:\\\/\\\/veko-al.com\\\/en\\\/product\\\/ocean-vase-l-fume\\\/#primaryimage\"},\"thumbnailUrl\":\"https:\\\/\\\/veko-al.com\\\/wp-content\\\/uploads\\\/2026\\\/03\\\/gardeco-vase-glas-ocean-seguso-3-1.webp\",\"datePublished\":\"2026-03-18T09:45:18+00:00\",\"dateModified\":\"2026-03-18T11:00:40+00:00\",\"breadcrumb\":{\"@id\":\"https:\\\/\\\/veko-al.com\\\/en\\\/product\\\/ocean-vase-l-fume\\\/#breadcrumb\"},\"inLanguage\":\"en-US\",\"potentialAction\":[{\"@type\":\"ReadAction\",\"target\":[\"https:\\\/\\\/veko-al.com\\\/en\\\/product\\\/ocean-vase-l-fume\\\/\"]}]},{\"@type\":\"ImageObject\",\"inLanguage\":\"en-US\",\"@id\":\"https:\\\/\\\/veko-al.com\\\/en\\\/product\\\/ocean-vase-l-fume\\\/#primaryimage\",\"url\":\"https:\\\/\\\/veko-al.com\\\/wp-content\\\/uploads\\\/2026\\\/03\\\/gardeco-vase-glas-ocean-seguso-3-1.webp\",\"contentUrl\":\"https:\\\/\\\/veko-al.com\\\/wp-content\\\/uploads\\\/2026\\\/03\\\/gardeco-vase-glas-ocean-seguso-3-1.webp\",\"width\":900,\"height\":900},{\"@type\":\"BreadcrumbList\",\"@id\":\"https:\\\/\\\/veko-al.com\\\/en\\\/product\\\/ocean-vase-l-fume\\\/#breadcrumb\",\"itemListElement\":[{\"@type\":\"ListItem\",\"position\":1,\"name\":\"Home\",\"item\":\"https:\\\/\\\/veko-al.com\\\/en\\\/\"},{\"@type\":\"ListItem\",\"position\":2,\"name\":\"Shop\",\"item\":\"https:\\\/\\\/veko-al.com\\\/en\\\/shop\\\/\"},{\"@type\":\"ListItem\",\"position\":3,\"name\":\"OCEAN VASE L FUME\"}]},{\"@type\":\"WebSite\",\"@id\":\"https:\\\/\\\/veko-al.com\\\/en\\\/#website\",\"url\":\"https:\\\/\\\/veko-al.com\\\/en\\\/\",\"name\":\"Veko\",\"description\":\"Veko | Timber Products | Parquet | Furniture &amp; Interior Design\",\"publisher\":{\"@id\":\"https:\\\/\\\/veko-al.com\\\/en\\\/#organization\"},\"potentialAction\":[{\"@type\":\"SearchAction\",\"target\":{\"@type\":\"EntryPoint\",\"urlTemplate\":\"https:\\\/\\\/veko-al.com\\\/en\\\/?s={search_term_string}\"},\"query-input\":{\"@type\":\"PropertyValueSpecification\",\"valueRequired\":true,\"valueName\":\"search_term_string\"}}],\"inLanguage\":\"en-US\"},{\"@type\":\"Organization\",\"@id\":\"https:\\\/\\\/veko-al.com\\\/en\\\/#organization\",\"name\":\"Veko\",\"url\":\"https:\\\/\\\/veko-al.com\\\/en\\\/\",\"logo\":{\"@type\":\"ImageObject\",\"inLanguage\":\"en-US\",\"@id\":\"https:\\\/\\\/veko-al.com\\\/en\\\/#\\\/schema\\\/logo\\\/image\\\/\",\"url\":\"https:\\\/\\\/veko-al.com\\\/wp-content\\\/uploads\\\/2020\\\/06\\\/veko-logo.png\",\"contentUrl\":\"https:\\\/\\\/veko-al.com\\\/wp-content\\\/uploads\\\/2020\\\/06\\\/veko-logo.png\",\"width\":90,\"height\":90,\"caption\":\"Veko\"},\"image\":{\"@id\":\"https:\\\/\\\/veko-al.com\\\/en\\\/#\\\/schema\\\/logo\\\/image\\\/\"},\"sameAs\":[\"https:\\\/\\\/www.facebook.com\\\/VEKO.Ltd\\\/\",\"https:\\\/\\\/x.com\\\/VekoGroup\",\"https:\\\/\\\/www.instagram.com\\\/veko_group\\\/\",\"https:\\\/\\\/www.linkedin.com\\\/company\\\/veko-group\\\/\",\"https:\\\/\\\/www.youtube.com\\\/channel\\\/UCTRKtaHX-A60sAzCttcAbBw\"]}]}<\/script>\n<!-- \/ Yoast SEO plugin. -->","yoast_head_json":{"title":"OCEAN VASE L FUME - Veko","robots":{"index":"index","follow":"follow","max-snippet":"max-snippet:-1","max-image-preview":"max-image-preview:large","max-video-preview":"max-video-preview:-1"},"canonical":"https:\/\/veko-al.com\/en\/product\/ocean-vase-l-fume\/","og_locale":"en_US","og_type":"article","og_title":"OCEAN VASE L FUME - Veko","og_description":"The Ocean Vase L Fum\u00e9 is an elegant glass creation, crafted at the Seguso family\u2019s C\u00e1 d\u2019Oro studio in Brazil. Small bubbles of glass in a fum\u00e9 color, combined with gold elements, create a mesmerizing pattern that gives this vase a unique and captivating character.","og_url":"https:\/\/veko-al.com\/en\/product\/ocean-vase-l-fume\/","og_site_name":"Veko","article_publisher":"https:\/\/www.facebook.com\/VEKO.Ltd\/","article_modified_time":"2026-03-18T11:00:40+00:00","og_image":[{"width":900,"height":900,"url":"https:\/\/veko-al.com\/wp-content\/uploads\/2026\/03\/gardeco-vase-glas-ocean-seguso-3-1.webp","type":"image\/webp"}],"twitter_card":"summary_large_image","twitter_site":"@VekoGroup","twitter_misc":{"Est. reading time":"1 minute"},"schema":{"@context":"https:\/\/schema.org","@graph":[{"@type":"WebPage","@id":"https:\/\/veko-al.com\/en\/product\/ocean-vase-l-fume\/","url":"https:\/\/veko-al.com\/en\/product\/ocean-vase-l-fume\/","name":"OCEAN VASE L FUME - Veko","isPartOf":{"@id":"https:\/\/veko-al.com\/en\/#website"},"primaryImageOfPage":{"@id":"https:\/\/veko-al.com\/en\/product\/ocean-vase-l-fume\/#primaryimage"},"image":{"@id":"https:\/\/veko-al.com\/en\/product\/ocean-vase-l-fume\/#primaryimage"},"thumbnailUrl":"https:\/\/veko-al.com\/wp-content\/uploads\/2026\/03\/gardeco-vase-glas-ocean-seguso-3-1.webp","datePublished":"2026-03-18T09:45:18+00:00","dateModified":"2026-03-18T11:00:40+00:00","breadcrumb":{"@id":"https:\/\/veko-al.com\/en\/product\/ocean-vase-l-fume\/#breadcrumb"},"inLanguage":"en-US","potentialAction":[{"@type":"ReadAction","target":["https:\/\/veko-al.com\/en\/product\/ocean-vase-l-fume\/"]}]},{"@type":"ImageObject","inLanguage":"en-US","@id":"https:\/\/veko-al.com\/en\/product\/ocean-vase-l-fume\/#primaryimage","url":"https:\/\/veko-al.com\/wp-content\/uploads\/2026\/03\/gardeco-vase-glas-ocean-seguso-3-1.webp","contentUrl":"https:\/\/veko-al.com\/wp-content\/uploads\/2026\/03\/gardeco-vase-glas-ocean-seguso-3-1.webp","width":900,"height":900},{"@type":"BreadcrumbList","@id":"https:\/\/veko-al.com\/en\/product\/ocean-vase-l-fume\/#breadcrumb","itemListElement":[{"@type":"ListItem","position":1,"name":"Home","item":"https:\/\/veko-al.com\/en\/"},{"@type":"ListItem","position":2,"name":"Shop","item":"https:\/\/veko-al.com\/en\/shop\/"},{"@type":"ListItem","position":3,"name":"OCEAN VASE L FUME"}]},{"@type":"WebSite","@id":"https:\/\/veko-al.com\/en\/#website","url":"https:\/\/veko-al.com\/en\/","name":"Veko","description":"Veko | Timber Products | Parquet | Furniture &amp; Interior Design","publisher":{"@id":"https:\/\/veko-al.com\/en\/#organization"},"potentialAction":[{"@type":"SearchAction","target":{"@type":"EntryPoint","urlTemplate":"https:\/\/veko-al.com\/en\/?s={search_term_string}"},"query-input":{"@type":"PropertyValueSpecification","valueRequired":true,"valueName":"search_term_string"}}],"inLanguage":"en-US"},{"@type":"Organization","@id":"https:\/\/veko-al.com\/en\/#organization","name":"Veko","url":"https:\/\/veko-al.com\/en\/","logo":{"@type":"ImageObject","inLanguage":"en-US","@id":"https:\/\/veko-al.com\/en\/#\/schema\/logo\/image\/","url":"https:\/\/veko-al.com\/wp-content\/uploads\/2020\/06\/veko-logo.png","contentUrl":"https:\/\/veko-al.com\/wp-content\/uploads\/2020\/06\/veko-logo.png","width":90,"height":90,"caption":"Veko"},"image":{"@id":"https:\/\/veko-al.com\/en\/#\/schema\/logo\/image\/"},"sameAs":["https:\/\/www.facebook.com\/VEKO.Ltd\/","https:\/\/x.com\/VekoGroup","https:\/\/www.instagram.com\/veko_group\/","https:\/\/www.linkedin.com\/company\/veko-group\/","https:\/\/www.youtube.com\/channel\/UCTRKtaHX-A60sAzCttcAbBw"]}]}},"wpml_current_locale":"en_US","wpml_translations":[{"locale":"sq_AL","id":63099,"slug":"ocean-vase-l-fume","post_title":"OCEAN VASE L FUME","href":"https:\/\/veko-al.com\/ocean-vase-l-fume\/"}],"_links":{"self":[{"href":"https:\/\/veko-al.com\/en\/wp-json\/wp\/v2\/product\/63100","targetHints":{"allow":["GET"]}}],"collection":[{"href":"https:\/\/veko-al.com\/en\/wp-json\/wp\/v2\/product"}],"about":[{"href":"https:\/\/veko-al.com\/en\/wp-json\/wp\/v2\/types\/product"}],"replies":[{"embeddable":true,"href":"https:\/\/veko-al.com\/en\/wp-json\/wp\/v2\/comments?post=63100"}],"wp:featuredmedia":[{"embeddable":true,"href":"https:\/\/veko-al.com\/en\/wp-json\/wp\/v2\/media\/63118"}],"wp:attachment":[{"href":"https:\/\/veko-al.com\/en\/wp-json\/wp\/v2\/media?parent=63100"}],"wp:term":[{"taxonomy":"product_brand","embeddable":true,"href":"https:\/\/veko-al.com\/en\/wp-json\/wp\/v2\/product_brand?post=63100"},{"taxonomy":"product_cat","embeddable":true,"href":"https:\/\/veko-al.com\/en\/wp-json\/wp\/v2\/product_cat?post=63100"},{"taxonomy":"product_tag","embeddable":true,"href":"https:\/\/veko-al.com\/en\/wp-json\/wp\/v2\/product_tag?post=63100"}],"curies":[{"name":"wp","href":"https:\/\/api.w.org\/{rel}","templated":true}]}}