{"id":50275,"date":"2024-08-08T09:50:11","date_gmt":"2024-08-08T08:50:10","guid":{"rendered":"https:\/\/veko-al.com\/?post_type=product&#038;p=50275"},"modified":"2024-08-08T14:37:06","modified_gmt":"2024-08-08T13:37:06","slug":"clock-ipera","status":"publish","type":"product","link":"https:\/\/veko-al.com\/en\/product\/clock-ipera\/","title":{"rendered":"CLOCK IPERA"},"content":{"rendered":"<p>Ora Ipera \u00d874 cm nga Light &amp; Living \u00ebsht\u00eb nj\u00eb aksesor q\u00eb kombinon funksionalitetin me dizajnin elegant p\u00ebr t\u00eb sjell\u00eb nj\u00eb prekje sofistikimi n\u00eb \u00e7do ambient. Me nj\u00eb diamet\u00ebr mbres\u00ebl\u00ebn\u00ebs prej 74 cm, kjo or\u00eb sh\u00ebrben si nj\u00eb pik\u00eb qendrore n\u00eb \u00e7do dhom\u00eb, duke ofruar nj\u00eb kombinim t\u00eb p\u00ebrkryer t\u00eb stilit dhe praktik\u00ebs.<\/p>\n","protected":false},"excerpt":{"rendered":"<p>The Ipera clock has a clean and modern design that easily fits into any interior style. Its elegant frame and large numbers make it visible and easy to read, making it ideal for any room in your home or office.<\/p>\n","protected":false},"featured_media":50318,"comment_status":"closed","ping_status":"closed","template":"","meta":{"_acf_changed":false},"product_brand":[458],"product_cat":[171,589,164,157,175,193,447],"product_tag":[],"class_list":{"0":"post-50275","1":"product","2":"type-product","3":"status-publish","4":"has-post-thumbnail","6":"product_brand-others-en","7":"product_cat-bedroom","8":"product_cat-clock","9":"product_cat-dining-room","10":"product_cat-living-room","11":"product_cat-office-furniture","12":"product_cat-outdoor-furniture","13":"product_cat-veko-concept-architect-en","15":"first","16":"instock","17":"taxable","18":"shipping-taxable","19":"product-type-simple"},"acf":[],"yoast_head":"<!-- This site is optimized with the Yoast SEO plugin v27.3 - https:\/\/yoast.com\/product\/yoast-seo-wordpress\/ -->\n<title>CLOCK IPERA - Veko<\/title>\n<meta name=\"robots\" content=\"index, follow, max-snippet:-1, max-image-preview:large, max-video-preview:-1\" \/>\n<link rel=\"canonical\" href=\"https:\/\/veko-al.com\/en\/product\/clock-ipera\/\" \/>\n<meta property=\"og:locale\" content=\"en_US\" \/>\n<meta property=\"og:type\" content=\"article\" \/>\n<meta property=\"og:title\" content=\"CLOCK IPERA - Veko\" \/>\n<meta property=\"og:description\" content=\"The Ipera clock has a clean and modern design that easily fits into any interior style. Its elegant frame and large numbers make it visible and easy to read, making it ideal for any room in your home or office.\" \/>\n<meta property=\"og:url\" content=\"https:\/\/veko-al.com\/en\/product\/clock-ipera\/\" \/>\n<meta property=\"og:site_name\" content=\"Veko\" \/>\n<meta property=\"article:publisher\" content=\"https:\/\/www.facebook.com\/VEKO.Ltd\/\" \/>\n<meta property=\"article:modified_time\" content=\"2024-08-08T13:37:06+00:00\" \/>\n<meta property=\"og:image\" content=\"https:\/\/veko-al.com\/wp-content\/uploads\/2024\/08\/cover-CLOCK-IPERA-Wardrobe_Bookshelf_Desk_Ottoman_Coffeetable_Diningtable_Sideboard_Console_table_Benches_Armchair_furniture_INTERIORDESIGN_VEKO_VEKOGROUP_VEKOCONCEPT1.png\" \/>\n\t<meta property=\"og:image:width\" content=\"1500\" \/>\n\t<meta property=\"og:image:height\" content=\"1500\" \/>\n\t<meta property=\"og:image:type\" content=\"image\/png\" \/>\n<meta name=\"twitter:card\" content=\"summary_large_image\" \/>\n<meta name=\"twitter:site\" content=\"@VekoGroup\" \/>\n<script type=\"application\/ld+json\" class=\"yoast-schema-graph\">{\"@context\":\"https:\\\/\\\/schema.org\",\"@graph\":[{\"@type\":\"WebPage\",\"@id\":\"https:\\\/\\\/veko-al.com\\\/en\\\/product\\\/clock-ipera\\\/\",\"url\":\"https:\\\/\\\/veko-al.com\\\/en\\\/product\\\/clock-ipera\\\/\",\"name\":\"CLOCK IPERA - Veko\",\"isPartOf\":{\"@id\":\"https:\\\/\\\/veko-al.com\\\/en\\\/#website\"},\"primaryImageOfPage\":{\"@id\":\"https:\\\/\\\/veko-al.com\\\/en\\\/product\\\/clock-ipera\\\/#primaryimage\"},\"image\":{\"@id\":\"https:\\\/\\\/veko-al.com\\\/en\\\/product\\\/clock-ipera\\\/#primaryimage\"},\"thumbnailUrl\":\"https:\\\/\\\/veko-al.com\\\/wp-content\\\/uploads\\\/2024\\\/08\\\/cover-CLOCK-IPERA-Wardrobe_Bookshelf_Desk_Ottoman_Coffeetable_Diningtable_Sideboard_Console_table_Benches_Armchair_furniture_INTERIORDESIGN_VEKO_VEKOGROUP_VEKOCONCEPT1.png\",\"datePublished\":\"2024-08-08T08:50:10+00:00\",\"dateModified\":\"2024-08-08T13:37:06+00:00\",\"breadcrumb\":{\"@id\":\"https:\\\/\\\/veko-al.com\\\/en\\\/product\\\/clock-ipera\\\/#breadcrumb\"},\"inLanguage\":\"en-US\",\"potentialAction\":[{\"@type\":\"ReadAction\",\"target\":[\"https:\\\/\\\/veko-al.com\\\/en\\\/product\\\/clock-ipera\\\/\"]}]},{\"@type\":\"ImageObject\",\"inLanguage\":\"en-US\",\"@id\":\"https:\\\/\\\/veko-al.com\\\/en\\\/product\\\/clock-ipera\\\/#primaryimage\",\"url\":\"https:\\\/\\\/veko-al.com\\\/wp-content\\\/uploads\\\/2024\\\/08\\\/cover-CLOCK-IPERA-Wardrobe_Bookshelf_Desk_Ottoman_Coffeetable_Diningtable_Sideboard_Console_table_Benches_Armchair_furniture_INTERIORDESIGN_VEKO_VEKOGROUP_VEKOCONCEPT1.png\",\"contentUrl\":\"https:\\\/\\\/veko-al.com\\\/wp-content\\\/uploads\\\/2024\\\/08\\\/cover-CLOCK-IPERA-Wardrobe_Bookshelf_Desk_Ottoman_Coffeetable_Diningtable_Sideboard_Console_table_Benches_Armchair_furniture_INTERIORDESIGN_VEKO_VEKOGROUP_VEKOCONCEPT1.png\",\"width\":1500,\"height\":1500},{\"@type\":\"BreadcrumbList\",\"@id\":\"https:\\\/\\\/veko-al.com\\\/en\\\/product\\\/clock-ipera\\\/#breadcrumb\",\"itemListElement\":[{\"@type\":\"ListItem\",\"position\":1,\"name\":\"Home\",\"item\":\"https:\\\/\\\/veko-al.com\\\/en\\\/\"},{\"@type\":\"ListItem\",\"position\":2,\"name\":\"Shop\",\"item\":\"https:\\\/\\\/veko-al.com\\\/en\\\/shop\\\/\"},{\"@type\":\"ListItem\",\"position\":3,\"name\":\"CLOCK IPERA\"}]},{\"@type\":\"WebSite\",\"@id\":\"https:\\\/\\\/veko-al.com\\\/en\\\/#website\",\"url\":\"https:\\\/\\\/veko-al.com\\\/en\\\/\",\"name\":\"Veko\",\"description\":\"Veko | Timber Products | Parquet | Furniture &amp; Interior Design\",\"publisher\":{\"@id\":\"https:\\\/\\\/veko-al.com\\\/en\\\/#organization\"},\"potentialAction\":[{\"@type\":\"SearchAction\",\"target\":{\"@type\":\"EntryPoint\",\"urlTemplate\":\"https:\\\/\\\/veko-al.com\\\/en\\\/?s={search_term_string}\"},\"query-input\":{\"@type\":\"PropertyValueSpecification\",\"valueRequired\":true,\"valueName\":\"search_term_string\"}}],\"inLanguage\":\"en-US\"},{\"@type\":\"Organization\",\"@id\":\"https:\\\/\\\/veko-al.com\\\/en\\\/#organization\",\"name\":\"Veko\",\"url\":\"https:\\\/\\\/veko-al.com\\\/en\\\/\",\"logo\":{\"@type\":\"ImageObject\",\"inLanguage\":\"en-US\",\"@id\":\"https:\\\/\\\/veko-al.com\\\/en\\\/#\\\/schema\\\/logo\\\/image\\\/\",\"url\":\"https:\\\/\\\/veko-al.com\\\/wp-content\\\/uploads\\\/2020\\\/06\\\/veko-logo.png\",\"contentUrl\":\"https:\\\/\\\/veko-al.com\\\/wp-content\\\/uploads\\\/2020\\\/06\\\/veko-logo.png\",\"width\":90,\"height\":90,\"caption\":\"Veko\"},\"image\":{\"@id\":\"https:\\\/\\\/veko-al.com\\\/en\\\/#\\\/schema\\\/logo\\\/image\\\/\"},\"sameAs\":[\"https:\\\/\\\/www.facebook.com\\\/VEKO.Ltd\\\/\",\"https:\\\/\\\/x.com\\\/VekoGroup\",\"https:\\\/\\\/www.instagram.com\\\/veko_group\\\/\",\"https:\\\/\\\/www.linkedin.com\\\/company\\\/veko-group\\\/\",\"https:\\\/\\\/www.youtube.com\\\/channel\\\/UCTRKtaHX-A60sAzCttcAbBw\"]}]}<\/script>\n<!-- \/ Yoast SEO plugin. -->","yoast_head_json":{"title":"CLOCK IPERA - Veko","robots":{"index":"index","follow":"follow","max-snippet":"max-snippet:-1","max-image-preview":"max-image-preview:large","max-video-preview":"max-video-preview:-1"},"canonical":"https:\/\/veko-al.com\/en\/product\/clock-ipera\/","og_locale":"en_US","og_type":"article","og_title":"CLOCK IPERA - Veko","og_description":"The Ipera clock has a clean and modern design that easily fits into any interior style. Its elegant frame and large numbers make it visible and easy to read, making it ideal for any room in your home or office.","og_url":"https:\/\/veko-al.com\/en\/product\/clock-ipera\/","og_site_name":"Veko","article_publisher":"https:\/\/www.facebook.com\/VEKO.Ltd\/","article_modified_time":"2024-08-08T13:37:06+00:00","og_image":[{"width":1500,"height":1500,"url":"https:\/\/veko-al.com\/wp-content\/uploads\/2024\/08\/cover-CLOCK-IPERA-Wardrobe_Bookshelf_Desk_Ottoman_Coffeetable_Diningtable_Sideboard_Console_table_Benches_Armchair_furniture_INTERIORDESIGN_VEKO_VEKOGROUP_VEKOCONCEPT1.png","type":"image\/png"}],"twitter_card":"summary_large_image","twitter_site":"@VekoGroup","schema":{"@context":"https:\/\/schema.org","@graph":[{"@type":"WebPage","@id":"https:\/\/veko-al.com\/en\/product\/clock-ipera\/","url":"https:\/\/veko-al.com\/en\/product\/clock-ipera\/","name":"CLOCK IPERA - Veko","isPartOf":{"@id":"https:\/\/veko-al.com\/en\/#website"},"primaryImageOfPage":{"@id":"https:\/\/veko-al.com\/en\/product\/clock-ipera\/#primaryimage"},"image":{"@id":"https:\/\/veko-al.com\/en\/product\/clock-ipera\/#primaryimage"},"thumbnailUrl":"https:\/\/veko-al.com\/wp-content\/uploads\/2024\/08\/cover-CLOCK-IPERA-Wardrobe_Bookshelf_Desk_Ottoman_Coffeetable_Diningtable_Sideboard_Console_table_Benches_Armchair_furniture_INTERIORDESIGN_VEKO_VEKOGROUP_VEKOCONCEPT1.png","datePublished":"2024-08-08T08:50:10+00:00","dateModified":"2024-08-08T13:37:06+00:00","breadcrumb":{"@id":"https:\/\/veko-al.com\/en\/product\/clock-ipera\/#breadcrumb"},"inLanguage":"en-US","potentialAction":[{"@type":"ReadAction","target":["https:\/\/veko-al.com\/en\/product\/clock-ipera\/"]}]},{"@type":"ImageObject","inLanguage":"en-US","@id":"https:\/\/veko-al.com\/en\/product\/clock-ipera\/#primaryimage","url":"https:\/\/veko-al.com\/wp-content\/uploads\/2024\/08\/cover-CLOCK-IPERA-Wardrobe_Bookshelf_Desk_Ottoman_Coffeetable_Diningtable_Sideboard_Console_table_Benches_Armchair_furniture_INTERIORDESIGN_VEKO_VEKOGROUP_VEKOCONCEPT1.png","contentUrl":"https:\/\/veko-al.com\/wp-content\/uploads\/2024\/08\/cover-CLOCK-IPERA-Wardrobe_Bookshelf_Desk_Ottoman_Coffeetable_Diningtable_Sideboard_Console_table_Benches_Armchair_furniture_INTERIORDESIGN_VEKO_VEKOGROUP_VEKOCONCEPT1.png","width":1500,"height":1500},{"@type":"BreadcrumbList","@id":"https:\/\/veko-al.com\/en\/product\/clock-ipera\/#breadcrumb","itemListElement":[{"@type":"ListItem","position":1,"name":"Home","item":"https:\/\/veko-al.com\/en\/"},{"@type":"ListItem","position":2,"name":"Shop","item":"https:\/\/veko-al.com\/en\/shop\/"},{"@type":"ListItem","position":3,"name":"CLOCK IPERA"}]},{"@type":"WebSite","@id":"https:\/\/veko-al.com\/en\/#website","url":"https:\/\/veko-al.com\/en\/","name":"Veko","description":"Veko | Timber Products | Parquet | Furniture &amp; Interior Design","publisher":{"@id":"https:\/\/veko-al.com\/en\/#organization"},"potentialAction":[{"@type":"SearchAction","target":{"@type":"EntryPoint","urlTemplate":"https:\/\/veko-al.com\/en\/?s={search_term_string}"},"query-input":{"@type":"PropertyValueSpecification","valueRequired":true,"valueName":"search_term_string"}}],"inLanguage":"en-US"},{"@type":"Organization","@id":"https:\/\/veko-al.com\/en\/#organization","name":"Veko","url":"https:\/\/veko-al.com\/en\/","logo":{"@type":"ImageObject","inLanguage":"en-US","@id":"https:\/\/veko-al.com\/en\/#\/schema\/logo\/image\/","url":"https:\/\/veko-al.com\/wp-content\/uploads\/2020\/06\/veko-logo.png","contentUrl":"https:\/\/veko-al.com\/wp-content\/uploads\/2020\/06\/veko-logo.png","width":90,"height":90,"caption":"Veko"},"image":{"@id":"https:\/\/veko-al.com\/en\/#\/schema\/logo\/image\/"},"sameAs":["https:\/\/www.facebook.com\/VEKO.Ltd\/","https:\/\/x.com\/VekoGroup","https:\/\/www.instagram.com\/veko_group\/","https:\/\/www.linkedin.com\/company\/veko-group\/","https:\/\/www.youtube.com\/channel\/UCTRKtaHX-A60sAzCttcAbBw"]}]}},"wpml_current_locale":"en_US","wpml_translations":[{"locale":"sq_AL","id":50276,"slug":"ore-ipera","post_title":"Or\u00eb Ipera","href":"https:\/\/veko-al.com\/ore-ipera\/"}],"_links":{"self":[{"href":"https:\/\/veko-al.com\/en\/wp-json\/wp\/v2\/product\/50275","targetHints":{"allow":["GET"]}}],"collection":[{"href":"https:\/\/veko-al.com\/en\/wp-json\/wp\/v2\/product"}],"about":[{"href":"https:\/\/veko-al.com\/en\/wp-json\/wp\/v2\/types\/product"}],"replies":[{"embeddable":true,"href":"https:\/\/veko-al.com\/en\/wp-json\/wp\/v2\/comments?post=50275"}],"wp:featuredmedia":[{"embeddable":true,"href":"https:\/\/veko-al.com\/en\/wp-json\/wp\/v2\/media\/50318"}],"wp:attachment":[{"href":"https:\/\/veko-al.com\/en\/wp-json\/wp\/v2\/media?parent=50275"}],"wp:term":[{"taxonomy":"product_brand","embeddable":true,"href":"https:\/\/veko-al.com\/en\/wp-json\/wp\/v2\/product_brand?post=50275"},{"taxonomy":"product_cat","embeddable":true,"href":"https:\/\/veko-al.com\/en\/wp-json\/wp\/v2\/product_cat?post=50275"},{"taxonomy":"product_tag","embeddable":true,"href":"https:\/\/veko-al.com\/en\/wp-json\/wp\/v2\/product_tag?post=50275"}],"curies":[{"name":"wp","href":"https:\/\/api.w.org\/{rel}","templated":true}]}}