{"id":27952,"date":"2021-08-13T15:08:29","date_gmt":"2021-08-13T15:08:29","guid":{"rendered":"https:\/\/veko-al.com\/about-veko\/public-spaces\/"},"modified":"2024-02-23T13:04:27","modified_gmt":"2024-02-23T12:04:27","slug":"public-spaces","status":"publish","type":"page","link":"https:\/\/veko-al.com\/en\/about-veko\/public-spaces\/","title":{"rendered":"Public Spaces"},"content":{"rendered":"\t\t<div data-elementor-type=\"wp-page\" data-elementor-id=\"27952\" class=\"elementor elementor-27952 elementor-27928\">\n\t\t\t\t\t\t<section class=\"elementor-section elementor-top-section elementor-element elementor-element-52afc93 elementor-section-boxed elementor-section-height-default elementor-section-height-default\" data-id=\"52afc93\" data-element_type=\"section\">\n\t\t\t\t\t\t<div class=\"elementor-container elementor-column-gap-default\">\n\t\t\t\t\t<div class=\"elementor-column elementor-col-33 elementor-top-column elementor-element elementor-element-ab9f926 ot-flex-column-vertical\" data-id=\"ab9f926\" data-element_type=\"column\">\n\t\t\t<div class=\"elementor-widget-wrap elementor-element-populated\">\n\t\t\t\t\t\t<div class=\"elementor-element elementor-element-0d7691e elementor-widget elementor-widget-imagecategory\" data-id=\"0d7691e\" data-element_type=\"widget\" data-widget_type=\"imagecategory.default\">\n\t\t\t\t<div class=\"elementor-widget-container\">\n\t\t\t\t\t<div class=\"cate-lines\">\r\n\t\t\t<div class=\"cate-item\">\r\n\t\t\t\t<a href=\"https:\/\/veko-al.com\/en\/projektet-tona-en\/bicycle-school-for-7-10-year-olds-tirana\/\">\t\t\t\t<img fetchpriority=\"high\" decoding=\"async\" width=\"453\" height=\"509\" src=\"https:\/\/veko-al.com\/wp-content\/uploads\/2024\/02\/cover-web-shkolla-e-bicikletave-tirane-veko-group-binare-produkte-druri-veko-timber-gardhe-veshje-druri-fasade-lis-ah-1.jpg\" class=\"attachment-theratio-grid-post-thumbnail size-theratio-grid-post-thumbnail wp-image-47590\" alt=\"\" srcset=\"https:\/\/veko-al.com\/wp-content\/uploads\/2024\/02\/cover-web-shkolla-e-bicikletave-tirane-veko-group-binare-produkte-druri-veko-timber-gardhe-veshje-druri-fasade-lis-ah-1.jpg 453w, https:\/\/veko-al.com\/wp-content\/uploads\/2024\/02\/cover-web-shkolla-e-bicikletave-tirane-veko-group-binare-produkte-druri-veko-timber-gardhe-veshje-druri-fasade-lis-ah-1-267x300.jpg 267w, https:\/\/veko-al.com\/wp-content\/uploads\/2024\/02\/cover-web-shkolla-e-bicikletave-tirane-veko-group-binare-produkte-druri-veko-timber-gardhe-veshje-druri-fasade-lis-ah-1-64x72.jpg 64w\" sizes=\"(max-width: 453px) 100vw, 453px\" \/>\t\t\t\t<\/a>\t\t        <div class=\"cate-item_content\">\r\n\t\t\t        <a href=\"https:\/\/veko-al.com\/en\/projektet-tona-en\/bicycle-school-for-7-10-year-olds-tirana\/\">\t\t\t        \t<h2>Bicycle school for 7-10 year olds, Tirana.<span class=\"number-stroke\"><\/span><\/h2>\r\n\t\t\t        <\/a>\t\t\t\t<\/div>\r\n\t\t\t<\/div>\r\n\t    <\/div>\r\n\t    \t\t<\/div>\n\t\t\t\t<\/div>\n\t\t\t\t<div class=\"elementor-element elementor-element-4f0f134 elementor-widget elementor-widget-imagecategory\" data-id=\"4f0f134\" data-element_type=\"widget\" data-widget_type=\"imagecategory.default\">\n\t\t\t\t<div class=\"elementor-widget-container\">\n\t\t\t\t\t<div class=\"cate-lines\">\r\n\t\t\t<div class=\"cate-item\">\r\n\t\t\t\t<a href=\"https:\/\/veko-al.com\/en\/projektet-tona-en\/public-spaces\/reconstruction-of-lake-shiroke-shkodra\/\">\t\t\t\t<img decoding=\"async\" width=\"805\" height=\"683\" src=\"https:\/\/veko-al.com\/wp-content\/uploads\/2021\/08\/Rikonstruksioni-i-Liqenit-Shiroke-Shkoder-5-2-805x683.jpg\" class=\"attachment-theratio-grid-post-thumbnail size-theratio-grid-post-thumbnail wp-image-27933\" alt=\"parket inxhinierik Cover\" \/>\t\t\t\t<\/a>\t\t        <div class=\"cate-item_content\">\r\n\t\t\t        <a href=\"https:\/\/veko-al.com\/en\/projektet-tona-en\/public-spaces\/reconstruction-of-lake-shiroke-shkodra\/\">\t\t\t        \t<h2>Reconstruction of Lake Shiroke, Shkodra<span class=\"number-stroke\"><\/span><\/h2>\r\n\t\t\t        <\/a>\t\t\t\t<\/div>\r\n\t\t\t<\/div>\r\n\t    <\/div>\r\n\t    \t\t<\/div>\n\t\t\t\t<\/div>\n\t\t\t\t\t<\/div>\n\t\t<\/div>\n\t\t\t\t<div class=\"elementor-column elementor-col-33 elementor-top-column elementor-element elementor-element-f5f152a ot-flex-column-vertical\" data-id=\"f5f152a\" data-element_type=\"column\">\n\t\t\t<div class=\"elementor-widget-wrap elementor-element-populated\">\n\t\t\t\t\t\t<div class=\"elementor-element elementor-element-b3c3e1e elementor-widget elementor-widget-imagecategory\" data-id=\"b3c3e1e\" data-element_type=\"widget\" data-widget_type=\"imagecategory.default\">\n\t\t\t\t<div class=\"elementor-widget-container\">\n\t\t\t\t\t<div class=\"cate-lines\">\r\n\t\t\t<div class=\"cate-item\">\r\n\t\t\t\t<a href=\"https:\/\/veko-al.com\/en\/projektet-tona-en\/public-spaces\/tirana-zoo-transformation-project-2\/\">\t\t\t\t<img decoding=\"async\" width=\"805\" height=\"683\" src=\"https:\/\/veko-al.com\/wp-content\/uploads\/2022\/06\/Lajme-Kopshti-Zoologjik-Veko-Group-cover-2-2-805x683.jpg\" class=\"attachment-theratio-grid-post-thumbnail size-theratio-grid-post-thumbnail wp-image-35653\" alt=\"\" \/>\t\t\t\t<\/a>\t\t        <div class=\"cate-item_content\">\r\n\t\t\t        <a href=\"https:\/\/veko-al.com\/en\/projektet-tona-en\/public-spaces\/tirana-zoo-transformation-project-2\/\">\t\t\t        \t<h2>Tirana Zoo-Transformation Project<span class=\"number-stroke\"><\/span><\/h2>\r\n\t\t\t        <\/a>\t\t\t\t<\/div>\r\n\t\t\t<\/div>\r\n\t    <\/div>\r\n\t    \t\t<\/div>\n\t\t\t\t<\/div>\n\t\t\t\t\t<\/div>\n\t\t<\/div>\n\t\t\t\t<div class=\"elementor-column elementor-col-33 elementor-top-column elementor-element elementor-element-653f6d3 ot-flex-column-vertical\" data-id=\"653f6d3\" data-element_type=\"column\">\n\t\t\t<div class=\"elementor-widget-wrap elementor-element-populated\">\n\t\t\t\t\t\t<div class=\"elementor-element elementor-element-6fd1638 elementor-widget elementor-widget-imagecategory\" data-id=\"6fd1638\" data-element_type=\"widget\" data-widget_type=\"imagecategory.default\">\n\t\t\t\t<div class=\"elementor-widget-container\">\n\t\t\t\t\t<div class=\"cate-lines\">\r\n\t\t\t<div class=\"cate-item\">\r\n\t\t\t\t<a href=\"https:\/\/veko-al.com\/en\/projektet-tona-en\/public-spaces\/rikosntruksioni-i-liqenit-te-farkes\/\">\t\t\t\t<img decoding=\"async\" src=\"https:\/\/veko-al.com\/wp-content\/uploads\/elementor\/thumbs\/cover-farke-produkte-duri-kadrona-tavane-dysheme-projekt-shtepiza-druri-binareristela-druri-pedane-liqeni-i-Farkes-Veko-Group-1-q0uivyyh9v5h7xx4qpdycjevkzkwrqmer2xxzna9ea.jpg\" title=\"cover farke produkte duri, kadrona, tavane, dysheme, projekt ,sht\u00ebpiza druri ,binar\u00eb,ristela druri, pedane , liqeni i Fark\u00ebs , Veko Group\" alt=\"cover farke produkte duri, kadrona, tavane, dysheme, projekt ,sht\u00ebpiza druri ,binar\u00eb,ristela druri, pedane , liqeni i Fark\u00ebs , Veko Group\" loading=\"lazy\" \/>\t\t\t\t<\/a>\t\t        <div class=\"cate-item_content\">\r\n\t\t\t        <a href=\"https:\/\/veko-al.com\/en\/projektet-tona-en\/public-spaces\/rikosntruksioni-i-liqenit-te-farkes\/\">\t\t\t        \t<h2>Rikosntruksioni i Liqenit te Farkes<span class=\"number-stroke\"><\/span><\/h2>\r\n\t\t\t        <\/a>\t\t\t\t<\/div>\r\n\t\t\t<\/div>\r\n\t    <\/div>\r\n\t    \t\t<\/div>\n\t\t\t\t<\/div>\n\t\t\t\t\t<\/div>\n\t\t<\/div>\n\t\t\t\t\t<\/div>\n\t\t<\/section>\n\t\t\t\t<\/div>\n\t\t","protected":false},"excerpt":{"rendered":"<p>Bicycle school for 7-10 year olds, Tirana. Reconstruction of Lake Shiroke, Shkodra Tirana Zoo-Transformation Project Rikosntruksioni i Liqenit te Farkes<\/p>\n","protected":false},"author":1,"featured_media":0,"parent":15774,"menu_order":0,"comment_status":"closed","ping_status":"closed","template":"","meta":{"_acf_changed":false,"footnotes":""},"class_list":["post-27952","page","type-page","status-publish","hentry"],"acf":[],"yoast_head":"<!-- This site is optimized with the Yoast SEO plugin v27.4 - https:\/\/yoast.com\/product\/yoast-seo-wordpress\/ -->\n<title>Public Spaces - Veko<\/title>\n<meta name=\"robots\" content=\"index, follow, max-snippet:-1, max-image-preview:large, max-video-preview:-1\" \/>\n<link rel=\"canonical\" href=\"https:\/\/veko-al.com\/en\/about-veko\/public-spaces\/\" \/>\n<meta property=\"og:locale\" content=\"en_US\" \/>\n<meta property=\"og:type\" content=\"article\" \/>\n<meta property=\"og:title\" content=\"Public Spaces - Veko\" \/>\n<meta property=\"og:description\" content=\"Bicycle school for 7-10 year olds, Tirana. Reconstruction of Lake Shiroke, Shkodra Tirana Zoo-Transformation Project Rikosntruksioni i Liqenit te Farkes\" \/>\n<meta property=\"og:url\" content=\"https:\/\/veko-al.com\/en\/about-veko\/public-spaces\/\" \/>\n<meta property=\"og:site_name\" content=\"Veko\" \/>\n<meta property=\"article:publisher\" content=\"https:\/\/www.facebook.com\/VEKO.Ltd\/\" \/>\n<meta property=\"article:modified_time\" content=\"2024-02-23T12:04:27+00:00\" \/>\n<meta property=\"og:image\" content=\"https:\/\/veko-al.com\/wp-content\/uploads\/2024\/02\/cover-web-shkolla-e-bicikletave-tirane-veko-group-binare-produkte-druri-veko-timber-gardhe-veshje-druri-fasade-lis-ah-1.jpg\" \/>\n<meta name=\"twitter:card\" content=\"summary_large_image\" \/>\n<meta name=\"twitter:site\" content=\"@VekoGroup\" \/>\n<meta name=\"twitter:label1\" content=\"Est. reading time\" \/>\n\t<meta name=\"twitter:data1\" content=\"1 minute\" \/>\n<script type=\"application\/ld+json\" class=\"yoast-schema-graph\">{\"@context\":\"https:\\\/\\\/schema.org\",\"@graph\":[{\"@type\":\"WebPage\",\"@id\":\"https:\\\/\\\/veko-al.com\\\/en\\\/about-veko\\\/public-spaces\\\/\",\"url\":\"https:\\\/\\\/veko-al.com\\\/en\\\/about-veko\\\/public-spaces\\\/\",\"name\":\"Public Spaces - Veko\",\"isPartOf\":{\"@id\":\"https:\\\/\\\/veko-al.com\\\/en\\\/#website\"},\"primaryImageOfPage\":{\"@id\":\"https:\\\/\\\/veko-al.com\\\/en\\\/about-veko\\\/public-spaces\\\/#primaryimage\"},\"image\":{\"@id\":\"https:\\\/\\\/veko-al.com\\\/en\\\/about-veko\\\/public-spaces\\\/#primaryimage\"},\"thumbnailUrl\":\"https:\\\/\\\/veko-al.com\\\/wp-content\\\/uploads\\\/2024\\\/02\\\/cover-web-shkolla-e-bicikletave-tirane-veko-group-binare-produkte-druri-veko-timber-gardhe-veshje-druri-fasade-lis-ah-1.jpg\",\"datePublished\":\"2021-08-13T15:08:29+00:00\",\"dateModified\":\"2024-02-23T12:04:27+00:00\",\"breadcrumb\":{\"@id\":\"https:\\\/\\\/veko-al.com\\\/en\\\/about-veko\\\/public-spaces\\\/#breadcrumb\"},\"inLanguage\":\"en-US\",\"potentialAction\":[{\"@type\":\"ReadAction\",\"target\":[\"https:\\\/\\\/veko-al.com\\\/en\\\/about-veko\\\/public-spaces\\\/\"]}]},{\"@type\":\"ImageObject\",\"inLanguage\":\"en-US\",\"@id\":\"https:\\\/\\\/veko-al.com\\\/en\\\/about-veko\\\/public-spaces\\\/#primaryimage\",\"url\":\"https:\\\/\\\/veko-al.com\\\/wp-content\\\/uploads\\\/2024\\\/02\\\/cover-web-shkolla-e-bicikletave-tirane-veko-group-binare-produkte-druri-veko-timber-gardhe-veshje-druri-fasade-lis-ah-1.jpg\",\"contentUrl\":\"https:\\\/\\\/veko-al.com\\\/wp-content\\\/uploads\\\/2024\\\/02\\\/cover-web-shkolla-e-bicikletave-tirane-veko-group-binare-produkte-druri-veko-timber-gardhe-veshje-druri-fasade-lis-ah-1.jpg\"},{\"@type\":\"BreadcrumbList\",\"@id\":\"https:\\\/\\\/veko-al.com\\\/en\\\/about-veko\\\/public-spaces\\\/#breadcrumb\",\"itemListElement\":[{\"@type\":\"ListItem\",\"position\":1,\"name\":\"Home\",\"item\":\"https:\\\/\\\/veko-al.com\\\/en\\\/\"},{\"@type\":\"ListItem\",\"position\":2,\"name\":\"Our story\",\"item\":\"https:\\\/\\\/veko-al.com\\\/en\\\/rreth-veko\\\/\"},{\"@type\":\"ListItem\",\"position\":3,\"name\":\"Public Spaces\"}]},{\"@type\":\"WebSite\",\"@id\":\"https:\\\/\\\/veko-al.com\\\/en\\\/#website\",\"url\":\"https:\\\/\\\/veko-al.com\\\/en\\\/\",\"name\":\"Veko\",\"description\":\"Veko | Timber Products | Parquet | Furniture &amp; Interior Design\",\"publisher\":{\"@id\":\"https:\\\/\\\/veko-al.com\\\/en\\\/#organization\"},\"potentialAction\":[{\"@type\":\"SearchAction\",\"target\":{\"@type\":\"EntryPoint\",\"urlTemplate\":\"https:\\\/\\\/veko-al.com\\\/en\\\/?s={search_term_string}\"},\"query-input\":{\"@type\":\"PropertyValueSpecification\",\"valueRequired\":true,\"valueName\":\"search_term_string\"}}],\"inLanguage\":\"en-US\"},{\"@type\":\"Organization\",\"@id\":\"https:\\\/\\\/veko-al.com\\\/en\\\/#organization\",\"name\":\"Veko\",\"url\":\"https:\\\/\\\/veko-al.com\\\/en\\\/\",\"logo\":{\"@type\":\"ImageObject\",\"inLanguage\":\"en-US\",\"@id\":\"https:\\\/\\\/veko-al.com\\\/en\\\/#\\\/schema\\\/logo\\\/image\\\/\",\"url\":\"https:\\\/\\\/veko-al.com\\\/wp-content\\\/uploads\\\/2020\\\/06\\\/veko-logo.png\",\"contentUrl\":\"https:\\\/\\\/veko-al.com\\\/wp-content\\\/uploads\\\/2020\\\/06\\\/veko-logo.png\",\"width\":90,\"height\":90,\"caption\":\"Veko\"},\"image\":{\"@id\":\"https:\\\/\\\/veko-al.com\\\/en\\\/#\\\/schema\\\/logo\\\/image\\\/\"},\"sameAs\":[\"https:\\\/\\\/www.facebook.com\\\/VEKO.Ltd\\\/\",\"https:\\\/\\\/x.com\\\/VekoGroup\",\"https:\\\/\\\/www.instagram.com\\\/veko_group\\\/\",\"https:\\\/\\\/www.linkedin.com\\\/company\\\/veko-group\\\/\",\"https:\\\/\\\/www.youtube.com\\\/channel\\\/UCTRKtaHX-A60sAzCttcAbBw\"]}]}<\/script>\n<!-- \/ Yoast SEO plugin. -->","yoast_head_json":{"title":"Public Spaces - Veko","robots":{"index":"index","follow":"follow","max-snippet":"max-snippet:-1","max-image-preview":"max-image-preview:large","max-video-preview":"max-video-preview:-1"},"canonical":"https:\/\/veko-al.com\/en\/about-veko\/public-spaces\/","og_locale":"en_US","og_type":"article","og_title":"Public Spaces - Veko","og_description":"Bicycle school for 7-10 year olds, Tirana. Reconstruction of Lake Shiroke, Shkodra Tirana Zoo-Transformation Project Rikosntruksioni i Liqenit te Farkes","og_url":"https:\/\/veko-al.com\/en\/about-veko\/public-spaces\/","og_site_name":"Veko","article_publisher":"https:\/\/www.facebook.com\/VEKO.Ltd\/","article_modified_time":"2024-02-23T12:04:27+00:00","og_image":[{"url":"https:\/\/veko-al.com\/wp-content\/uploads\/2024\/02\/cover-web-shkolla-e-bicikletave-tirane-veko-group-binare-produkte-druri-veko-timber-gardhe-veshje-druri-fasade-lis-ah-1.jpg","type":"","width":"","height":""}],"twitter_card":"summary_large_image","twitter_site":"@VekoGroup","twitter_misc":{"Est. reading time":"1 minute"},"schema":{"@context":"https:\/\/schema.org","@graph":[{"@type":"WebPage","@id":"https:\/\/veko-al.com\/en\/about-veko\/public-spaces\/","url":"https:\/\/veko-al.com\/en\/about-veko\/public-spaces\/","name":"Public Spaces - Veko","isPartOf":{"@id":"https:\/\/veko-al.com\/en\/#website"},"primaryImageOfPage":{"@id":"https:\/\/veko-al.com\/en\/about-veko\/public-spaces\/#primaryimage"},"image":{"@id":"https:\/\/veko-al.com\/en\/about-veko\/public-spaces\/#primaryimage"},"thumbnailUrl":"https:\/\/veko-al.com\/wp-content\/uploads\/2024\/02\/cover-web-shkolla-e-bicikletave-tirane-veko-group-binare-produkte-druri-veko-timber-gardhe-veshje-druri-fasade-lis-ah-1.jpg","datePublished":"2021-08-13T15:08:29+00:00","dateModified":"2024-02-23T12:04:27+00:00","breadcrumb":{"@id":"https:\/\/veko-al.com\/en\/about-veko\/public-spaces\/#breadcrumb"},"inLanguage":"en-US","potentialAction":[{"@type":"ReadAction","target":["https:\/\/veko-al.com\/en\/about-veko\/public-spaces\/"]}]},{"@type":"ImageObject","inLanguage":"en-US","@id":"https:\/\/veko-al.com\/en\/about-veko\/public-spaces\/#primaryimage","url":"https:\/\/veko-al.com\/wp-content\/uploads\/2024\/02\/cover-web-shkolla-e-bicikletave-tirane-veko-group-binare-produkte-druri-veko-timber-gardhe-veshje-druri-fasade-lis-ah-1.jpg","contentUrl":"https:\/\/veko-al.com\/wp-content\/uploads\/2024\/02\/cover-web-shkolla-e-bicikletave-tirane-veko-group-binare-produkte-druri-veko-timber-gardhe-veshje-druri-fasade-lis-ah-1.jpg"},{"@type":"BreadcrumbList","@id":"https:\/\/veko-al.com\/en\/about-veko\/public-spaces\/#breadcrumb","itemListElement":[{"@type":"ListItem","position":1,"name":"Home","item":"https:\/\/veko-al.com\/en\/"},{"@type":"ListItem","position":2,"name":"Our story","item":"https:\/\/veko-al.com\/en\/rreth-veko\/"},{"@type":"ListItem","position":3,"name":"Public Spaces"}]},{"@type":"WebSite","@id":"https:\/\/veko-al.com\/en\/#website","url":"https:\/\/veko-al.com\/en\/","name":"Veko","description":"Veko | Timber Products | Parquet | Furniture &amp; Interior Design","publisher":{"@id":"https:\/\/veko-al.com\/en\/#organization"},"potentialAction":[{"@type":"SearchAction","target":{"@type":"EntryPoint","urlTemplate":"https:\/\/veko-al.com\/en\/?s={search_term_string}"},"query-input":{"@type":"PropertyValueSpecification","valueRequired":true,"valueName":"search_term_string"}}],"inLanguage":"en-US"},{"@type":"Organization","@id":"https:\/\/veko-al.com\/en\/#organization","name":"Veko","url":"https:\/\/veko-al.com\/en\/","logo":{"@type":"ImageObject","inLanguage":"en-US","@id":"https:\/\/veko-al.com\/en\/#\/schema\/logo\/image\/","url":"https:\/\/veko-al.com\/wp-content\/uploads\/2020\/06\/veko-logo.png","contentUrl":"https:\/\/veko-al.com\/wp-content\/uploads\/2020\/06\/veko-logo.png","width":90,"height":90,"caption":"Veko"},"image":{"@id":"https:\/\/veko-al.com\/en\/#\/schema\/logo\/image\/"},"sameAs":["https:\/\/www.facebook.com\/VEKO.Ltd\/","https:\/\/x.com\/VekoGroup","https:\/\/www.instagram.com\/veko_group\/","https:\/\/www.linkedin.com\/company\/veko-group\/","https:\/\/www.youtube.com\/channel\/UCTRKtaHX-A60sAzCttcAbBw"]}]}},"wpml_current_locale":"en_US","wpml_translations":[{"locale":"sq_AL","id":27928,"slug":"hapesira-publike","post_title":"Hap\u00ebsira Publike","href":"https:\/\/veko-al.com\/rreth-veko\/hapesira-publike\/"}],"_links":{"self":[{"href":"https:\/\/veko-al.com\/en\/wp-json\/wp\/v2\/pages\/27952","targetHints":{"allow":["GET"]}}],"collection":[{"href":"https:\/\/veko-al.com\/en\/wp-json\/wp\/v2\/pages"}],"about":[{"href":"https:\/\/veko-al.com\/en\/wp-json\/wp\/v2\/types\/page"}],"author":[{"embeddable":true,"href":"https:\/\/veko-al.com\/en\/wp-json\/wp\/v2\/users\/1"}],"replies":[{"embeddable":true,"href":"https:\/\/veko-al.com\/en\/wp-json\/wp\/v2\/comments?post=27952"}],"version-history":[{"count":24,"href":"https:\/\/veko-al.com\/en\/wp-json\/wp\/v2\/pages\/27952\/revisions"}],"predecessor-version":[{"id":47603,"href":"https:\/\/veko-al.com\/en\/wp-json\/wp\/v2\/pages\/27952\/revisions\/47603"}],"up":[{"embeddable":true,"href":"https:\/\/veko-al.com\/en\/wp-json\/wp\/v2\/pages\/15774"}],"wp:attachment":[{"href":"https:\/\/veko-al.com\/en\/wp-json\/wp\/v2\/media?parent=27952"}],"curies":[{"name":"wp","href":"https:\/\/api.w.org\/{rel}","templated":true}]}}