{"id":24642,"date":"2021-07-16T07:57:40","date_gmt":"2021-07-16T07:57:40","guid":{"rendered":"https:\/\/veko-al.com\/about-veko\/residences\/"},"modified":"2025-09-11T15:50:25","modified_gmt":"2025-09-11T14:50:25","slug":"residences","status":"publish","type":"page","link":"https:\/\/veko-al.com\/en\/about-veko\/residences\/","title":{"rendered":"Residences"},"content":{"rendered":"\t\t<div data-elementor-type=\"wp-page\" data-elementor-id=\"24642\" class=\"elementor elementor-24642 elementor-21624\">\n\t\t\t\t\t\t<section class=\"elementor-section elementor-top-section elementor-element elementor-element-c03edb0 elementor-section-boxed elementor-section-height-default elementor-section-height-default\" data-id=\"c03edb0\" data-element_type=\"section\">\n\t\t\t\t\t\t<div class=\"elementor-container elementor-column-gap-default\">\n\t\t\t\t\t<div class=\"elementor-column elementor-col-100 elementor-top-column elementor-element elementor-element-3bd11e3 ot-flex-column-vertical\" data-id=\"3bd11e3\" data-element_type=\"column\">\n\t\t\t<div class=\"elementor-widget-wrap elementor-element-populated\">\n\t\t\t\t\t\t<div class=\"elementor-element elementor-element-a12c38b elementor-widget elementor-widget-spacer\" data-id=\"a12c38b\" data-element_type=\"widget\" data-widget_type=\"spacer.default\">\n\t\t\t\t<div class=\"elementor-widget-container\">\n\t\t\t\t\t<div class=\"elementor-spacer\">\n\t\t\t<div class=\"elementor-spacer-inner\"><\/div>\n\t\t<\/div>\n\t\t\t\t<\/div>\n\t\t\t\t<\/div>\n\t\t\t\t\t<\/div>\n\t\t<\/div>\n\t\t\t\t\t<\/div>\n\t\t<\/section>\n\t\t\t\t<section class=\"elementor-section elementor-top-section elementor-element elementor-element-4261e93 elementor-section-boxed elementor-section-height-default elementor-section-height-default\" data-id=\"4261e93\" data-element_type=\"section\">\n\t\t\t\t\t\t<div class=\"elementor-container elementor-column-gap-default\">\n\t\t\t\t\t<div class=\"elementor-column elementor-col-33 elementor-top-column elementor-element elementor-element-57bb6dd ot-flex-column-vertical\" data-id=\"57bb6dd\" data-element_type=\"column\">\n\t\t\t<div class=\"elementor-widget-wrap elementor-element-populated\">\n\t\t\t\t\t\t<div class=\"elementor-element elementor-element-788244d elementor-widget elementor-widget-imagecategory\" data-id=\"788244d\" data-element_type=\"widget\" data-widget_type=\"imagecategory.default\">\n\t\t\t\t<div class=\"elementor-widget-container\">\n\t\t\t\t\t<div class=\"cate-lines\">\r\n\t\t\t<div class=\"cate-item\">\r\n\t\t\t\t<a href=\"https:\/\/veko-al.com\/en\/projektet-tona-en\/rezidenca-en\/kontakt\/\">\t\t\t\t<img fetchpriority=\"high\" decoding=\"async\" width=\"460\" height=\"530\" src=\"https:\/\/veko-al.com\/wp-content\/uploads\/2021\/07\/Artboard-79-copy-20.jpg\" class=\"attachment-theratio-grid-post-thumbnail size-theratio-grid-post-thumbnail wp-image-21625\" alt=\"\" srcset=\"https:\/\/veko-al.com\/wp-content\/uploads\/2021\/07\/Artboard-79-copy-20.jpg 460w, https:\/\/veko-al.com\/wp-content\/uploads\/2021\/07\/Artboard-79-copy-20-260x300.jpg 260w, https:\/\/veko-al.com\/wp-content\/uploads\/2021\/07\/Artboard-79-copy-20-64x74.jpg 64w\" sizes=\"(max-width: 460px) 100vw, 460px\" \/>\t\t\t\t<\/a>\t\t        <div class=\"cate-item_content\">\r\n\t\t\t        <a href=\"https:\/\/veko-al.com\/en\/projektet-tona-en\/rezidenca-en\/kontakt\/\">\t\t\t        \t<h2>Kontakt-Kompleksi Siri<span class=\"number-stroke\"><\/span><\/h2>\r\n\t\t\t        <\/a>\t\t\t\t<\/div>\r\n\t\t\t<\/div>\r\n\t    <\/div>\r\n\t    \t\t<\/div>\n\t\t\t\t<\/div>\n\t\t\t\t\t<\/div>\n\t\t<\/div>\n\t\t\t\t<div class=\"elementor-column elementor-col-33 elementor-top-column elementor-element elementor-element-8b8ab53 ot-flex-column-vertical\" data-id=\"8b8ab53\" data-element_type=\"column\">\n\t\t\t<div class=\"elementor-widget-wrap elementor-element-populated\">\n\t\t\t\t\t\t<div class=\"elementor-element elementor-element-4341f25 elementor-widget elementor-widget-imagecategory\" data-id=\"4341f25\" data-element_type=\"widget\" data-widget_type=\"imagecategory.default\">\n\t\t\t\t<div class=\"elementor-widget-container\">\n\t\t\t\t\t<div class=\"cate-lines\">\r\n\t\t\t<div class=\"cate-item\">\r\n\t\t\t\t<a href=\"https:\/\/veko-al.com\/en\/projektet-tona-en\/rezidenca-en\/green-coast\/\">\t\t\t\t<img decoding=\"async\" width=\"460\" height=\"530\" src=\"https:\/\/veko-al.com\/wp-content\/uploads\/2022\/09\/COVER-PHOTO-WEB-projekt-vila-green-coast-veko-group-ambient-ndenje-resize.png\" class=\"attachment-theratio-grid-post-thumbnail size-theratio-grid-post-thumbnail wp-image-38460\" alt=\"\" srcset=\"https:\/\/veko-al.com\/wp-content\/uploads\/2022\/09\/COVER-PHOTO-WEB-projekt-vila-green-coast-veko-group-ambient-ndenje-resize.png 460w, https:\/\/veko-al.com\/wp-content\/uploads\/2022\/09\/COVER-PHOTO-WEB-projekt-vila-green-coast-veko-group-ambient-ndenje-resize-260x300.png 260w, https:\/\/veko-al.com\/wp-content\/uploads\/2022\/09\/COVER-PHOTO-WEB-projekt-vila-green-coast-veko-group-ambient-ndenje-resize-64x74.png 64w\" sizes=\"(max-width: 460px) 100vw, 460px\" \/>\t\t\t\t<\/a>\t\t        <div class=\"cate-item_content\">\r\n\t\t\t        <a href=\"https:\/\/veko-al.com\/en\/projektet-tona-en\/rezidenca-en\/green-coast\/\">\t\t\t        \t<h2>Green Coast<span class=\"number-stroke\"><\/span><\/h2>\r\n\t\t\t        <\/a>\t\t\t\t<\/div>\r\n\t\t\t<\/div>\r\n\t    <\/div>\r\n\t    \t\t<\/div>\n\t\t\t\t<\/div>\n\t\t\t\t\t<\/div>\n\t\t<\/div>\n\t\t\t\t<div class=\"elementor-column elementor-col-33 elementor-top-column elementor-element elementor-element-f12dd65 ot-flex-column-vertical\" data-id=\"f12dd65\" data-element_type=\"column\">\n\t\t\t<div class=\"elementor-widget-wrap elementor-element-populated\">\n\t\t\t\t\t\t<div class=\"elementor-element elementor-element-f01b326 elementor-widget elementor-widget-imagecategory\" data-id=\"f01b326\" data-element_type=\"widget\" data-widget_type=\"imagecategory.default\">\n\t\t\t\t<div class=\"elementor-widget-container\">\n\t\t\t\t\t<div class=\"cate-lines\">\r\n\t\t\t<div class=\"cate-item\">\r\n\t\t\t\t<a href=\"https:\/\/veko-al.com\/en\/projektet-tona-en\/sports-facilities-gyms\/villa-farke\/\">\t\t\t\t<img decoding=\"async\" width=\"461\" height=\"531\" src=\"https:\/\/veko-al.com\/wp-content\/uploads\/2023\/01\/laminat-parket-inxhinierik-shtepi-parket-druri-parket-lisi-Projekt-Vila-Farke-Veko-Group-cover-2.jpg\" class=\"attachment-theratio-grid-post-thumbnail size-theratio-grid-post-thumbnail wp-image-39820\" alt=\"\" srcset=\"https:\/\/veko-al.com\/wp-content\/uploads\/2023\/01\/laminat-parket-inxhinierik-shtepi-parket-druri-parket-lisi-Projekt-Vila-Farke-Veko-Group-cover-2.jpg 461w, https:\/\/veko-al.com\/wp-content\/uploads\/2023\/01\/laminat-parket-inxhinierik-shtepi-parket-druri-parket-lisi-Projekt-Vila-Farke-Veko-Group-cover-2-260x300.jpg 260w, https:\/\/veko-al.com\/wp-content\/uploads\/2023\/01\/laminat-parket-inxhinierik-shtepi-parket-druri-parket-lisi-Projekt-Vila-Farke-Veko-Group-cover-2-64x74.jpg 64w\" sizes=\"(max-width: 461px) 100vw, 461px\" \/>\t\t\t\t<\/a>\t\t        <div class=\"cate-item_content\">\r\n\t\t\t        <a href=\"https:\/\/veko-al.com\/en\/projektet-tona-en\/sports-facilities-gyms\/villa-farke\/\">\t\t\t        \t<h2>Villa \u201cFarke\u201d<span class=\"number-stroke\"><\/span><\/h2>\r\n\t\t\t        <\/a>\t\t\t\t<\/div>\r\n\t\t\t<\/div>\r\n\t    <\/div>\r\n\t    \t\t<\/div>\n\t\t\t\t<\/div>\n\t\t\t\t\t<\/div>\n\t\t<\/div>\n\t\t\t\t\t<\/div>\n\t\t<\/section>\n\t\t\t\t<section class=\"elementor-section elementor-top-section elementor-element elementor-element-58d5738 elementor-section-boxed elementor-section-height-default elementor-section-height-default\" data-id=\"58d5738\" data-element_type=\"section\">\n\t\t\t\t\t\t<div class=\"elementor-container elementor-column-gap-default\">\n\t\t\t\t\t<div class=\"elementor-column elementor-col-33 elementor-top-column elementor-element elementor-element-9ce47e1 ot-flex-column-vertical\" data-id=\"9ce47e1\" data-element_type=\"column\">\n\t\t\t<div class=\"elementor-widget-wrap elementor-element-populated\">\n\t\t\t\t\t\t<div class=\"elementor-element elementor-element-2136052 elementor-widget elementor-widget-imagecategory\" data-id=\"2136052\" data-element_type=\"widget\" data-widget_type=\"imagecategory.default\">\n\t\t\t\t<div class=\"elementor-widget-container\">\n\t\t\t\t\t<div class=\"cate-lines\">\r\n\t\t\t<div class=\"cate-item\">\r\n\t\t\t\t<a href=\"https:\/\/veko-al.com\/en\/?p=47638\">\t\t\t\t<img loading=\"lazy\" decoding=\"async\" width=\"455\" height=\"511\" src=\"https:\/\/veko-al.com\/wp-content\/uploads\/2024\/02\/cover-restaurim-vile-korce-vekogroup-vekoconcept-veko-tirane-parkete-dru-mobilie-produktedruri-parketedruri-laminate-laminateperhotel-laminateac5-parketinxhinierik-1-1.jpg\" class=\"attachment-theratio-grid-post-thumbnail size-theratio-grid-post-thumbnail wp-image-47687\" alt=\"\" srcset=\"https:\/\/veko-al.com\/wp-content\/uploads\/2024\/02\/cover-restaurim-vile-korce-vekogroup-vekoconcept-veko-tirane-parkete-dru-mobilie-produktedruri-parketedruri-laminate-laminateperhotel-laminateac5-parketinxhinierik-1-1.jpg 455w, https:\/\/veko-al.com\/wp-content\/uploads\/2024\/02\/cover-restaurim-vile-korce-vekogroup-vekoconcept-veko-tirane-parkete-dru-mobilie-produktedruri-parketedruri-laminate-laminateperhotel-laminateac5-parketinxhinierik-1-1-267x300.jpg 267w, https:\/\/veko-al.com\/wp-content\/uploads\/2024\/02\/cover-restaurim-vile-korce-vekogroup-vekoconcept-veko-tirane-parkete-dru-mobilie-produktedruri-parketedruri-laminate-laminateperhotel-laminateac5-parketinxhinierik-1-1-64x72.jpg 64w\" sizes=\"(max-width: 455px) 100vw, 455px\" \/>\t\t\t\t<\/a>\t\t        <div class=\"cate-item_content\">\r\n\t\t\t        <a href=\"https:\/\/veko-al.com\/en\/?p=47638\">\t\t\t        \t<h2>Vila Kor\u00e7\u00eb<span class=\"number-stroke\"><\/span><\/h2>\r\n\t\t\t        <\/a>\t\t\t\t<\/div>\r\n\t\t\t<\/div>\r\n\t    <\/div>\r\n\t    \t\t<\/div>\n\t\t\t\t<\/div>\n\t\t\t\t\t<\/div>\n\t\t<\/div>\n\t\t\t\t<div class=\"elementor-column elementor-col-33 elementor-top-column elementor-element elementor-element-03a1b4d ot-flex-column-vertical\" data-id=\"03a1b4d\" data-element_type=\"column\">\n\t\t\t<div class=\"elementor-widget-wrap elementor-element-populated\">\n\t\t\t\t\t\t<div class=\"elementor-element elementor-element-f2151bb elementor-widget elementor-widget-imagecategory\" data-id=\"f2151bb\" data-element_type=\"widget\" data-widget_type=\"imagecategory.default\">\n\t\t\t\t<div class=\"elementor-widget-container\">\n\t\t\t\t\t<div class=\"cate-lines\">\r\n\t\t\t<div class=\"cate-item\">\r\n\t\t\t\t<a href=\"https:\/\/veko-al.com\/en\/projektet-tona-en\/park-life\/\">\t\t\t\t<img loading=\"lazy\" decoding=\"async\" width=\"455\" height=\"511\" src=\"https:\/\/veko-al.com\/wp-content\/uploads\/2024\/02\/cover-park-life-vekogroup-vekoconcept-veko-tirane-parkete-dru-mobilie-produktedruri-parketedruri-laminate-laminateperhotel-laminateac5-parketinxhinierik-1-1.jpg\" class=\"attachment-theratio-grid-post-thumbnail size-theratio-grid-post-thumbnail wp-image-47829\" alt=\"\" srcset=\"https:\/\/veko-al.com\/wp-content\/uploads\/2024\/02\/cover-park-life-vekogroup-vekoconcept-veko-tirane-parkete-dru-mobilie-produktedruri-parketedruri-laminate-laminateperhotel-laminateac5-parketinxhinierik-1-1.jpg 455w, https:\/\/veko-al.com\/wp-content\/uploads\/2024\/02\/cover-park-life-vekogroup-vekoconcept-veko-tirane-parkete-dru-mobilie-produktedruri-parketedruri-laminate-laminateperhotel-laminateac5-parketinxhinierik-1-1-267x300.jpg 267w, https:\/\/veko-al.com\/wp-content\/uploads\/2024\/02\/cover-park-life-vekogroup-vekoconcept-veko-tirane-parkete-dru-mobilie-produktedruri-parketedruri-laminate-laminateperhotel-laminateac5-parketinxhinierik-1-1-64x72.jpg 64w\" sizes=\"(max-width: 455px) 100vw, 455px\" \/>\t\t\t\t<\/a>\t\t        <div class=\"cate-item_content\">\r\n\t\t\t        <a href=\"https:\/\/veko-al.com\/en\/projektet-tona-en\/park-life\/\">\t\t\t        \t<h2>Park Life<span class=\"number-stroke\"><\/span><\/h2>\r\n\t\t\t        <\/a>\t\t\t\t<\/div>\r\n\t\t\t<\/div>\r\n\t    <\/div>\r\n\t    \t\t<\/div>\n\t\t\t\t<\/div>\n\t\t\t\t\t<\/div>\n\t\t<\/div>\n\t\t\t\t<div class=\"elementor-column elementor-col-33 elementor-top-column elementor-element elementor-element-73cf830 ot-flex-column-vertical\" data-id=\"73cf830\" data-element_type=\"column\">\n\t\t\t<div class=\"elementor-widget-wrap elementor-element-populated\">\n\t\t\t\t\t\t<div class=\"elementor-element elementor-element-14d8838 elementor-widget elementor-widget-imagecategory\" data-id=\"14d8838\" data-element_type=\"widget\" data-widget_type=\"imagecategory.default\">\n\t\t\t\t<div class=\"elementor-widget-container\">\n\t\t\t\t\t<div class=\"cate-lines\">\r\n\t\t\t<div class=\"cate-item\">\r\n\t\t\t\t<a href=\"https:\/\/veko-al.com\/en\/?p=47796\">\t\t\t\t<img loading=\"lazy\" decoding=\"async\" width=\"453\" height=\"510\" src=\"https:\/\/veko-al.com\/wp-content\/uploads\/2024\/02\/cover-porta-e-gjelbert-vekogroup-vekoconcept-veko-tirane-parkete-dru-mobilie-produktedruri-parketedruri-laminate-laminateperhotel-laminateac5-parketinxhinierik-.jpg\" class=\"attachment-theratio-grid-post-thumbnail size-theratio-grid-post-thumbnail wp-image-47845\" alt=\"\" srcset=\"https:\/\/veko-al.com\/wp-content\/uploads\/2024\/02\/cover-porta-e-gjelbert-vekogroup-vekoconcept-veko-tirane-parkete-dru-mobilie-produktedruri-parketedruri-laminate-laminateperhotel-laminateac5-parketinxhinierik-.jpg 453w, https:\/\/veko-al.com\/wp-content\/uploads\/2024\/02\/cover-porta-e-gjelbert-vekogroup-vekoconcept-veko-tirane-parkete-dru-mobilie-produktedruri-parketedruri-laminate-laminateperhotel-laminateac5-parketinxhinierik--266x300.jpg 266w, https:\/\/veko-al.com\/wp-content\/uploads\/2024\/02\/cover-porta-e-gjelbert-vekogroup-vekoconcept-veko-tirane-parkete-dru-mobilie-produktedruri-parketedruri-laminate-laminateperhotel-laminateac5-parketinxhinierik--64x72.jpg 64w\" sizes=\"(max-width: 453px) 100vw, 453px\" \/>\t\t\t\t<\/a>\t\t        <div class=\"cate-item_content\">\r\n\t\t\t        <a href=\"https:\/\/veko-al.com\/en\/?p=47796\">\t\t\t        \t<h2>Green Valley'<span class=\"number-stroke\"><\/span><\/h2>\r\n\t\t\t        <\/a>\t\t\t\t<\/div>\r\n\t\t\t<\/div>\r\n\t    <\/div>\r\n\t    \t\t<\/div>\n\t\t\t\t<\/div>\n\t\t\t\t\t<\/div>\n\t\t<\/div>\n\t\t\t\t\t<\/div>\n\t\t<\/section>\n\t\t\t\t<section class=\"elementor-section elementor-top-section elementor-element elementor-element-696bf48 elementor-section-boxed elementor-section-height-default elementor-section-height-default\" data-id=\"696bf48\" data-element_type=\"section\">\n\t\t\t\t\t\t<div class=\"elementor-container elementor-column-gap-default\">\n\t\t\t\t\t<div class=\"elementor-column elementor-col-33 elementor-top-column elementor-element elementor-element-6f49a42 ot-flex-column-vertical\" data-id=\"6f49a42\" data-element_type=\"column\">\n\t\t\t<div class=\"elementor-widget-wrap elementor-element-populated\">\n\t\t\t\t\t\t<div class=\"elementor-element elementor-element-2dae7a5 elementor-widget elementor-widget-imagecategory\" data-id=\"2dae7a5\" data-element_type=\"widget\" data-widget_type=\"imagecategory.default\">\n\t\t\t\t<div class=\"elementor-widget-container\">\n\t\t\t\t\t<div class=\"cate-lines\">\r\n\t\t\t<div class=\"cate-item\">\r\n\t\t\t\t<a href=\"https:\/\/veko-al.com\/en\/projektet-tona-en\/vila-ne-himare\/\">\t\t\t\t<img loading=\"lazy\" decoding=\"async\" width=\"805\" height=\"683\" src=\"https:\/\/veko-al.com\/wp-content\/uploads\/2025\/09\/cover-ok-805x683.jpg\" class=\"attachment-theratio-grid-post-thumbnail size-theratio-grid-post-thumbnail wp-image-61325\" alt=\"\" \/>\t\t\t\t<\/a>\t\t        <div class=\"cate-item_content\">\r\n\t\t\t        <a href=\"https:\/\/veko-al.com\/en\/projektet-tona-en\/vila-ne-himare\/\">\t\t\t        \t<h2>Vila in Himar\u00eb<span class=\"number-stroke\"><\/span><\/h2>\r\n\t\t\t        <\/a>\t\t\t\t<\/div>\r\n\t\t\t<\/div>\r\n\t    <\/div>\r\n\t    \t\t<\/div>\n\t\t\t\t<\/div>\n\t\t\t\t\t<\/div>\n\t\t<\/div>\n\t\t\t\t<div class=\"elementor-column elementor-col-33 elementor-top-column elementor-element elementor-element-0f1fba9 ot-flex-column-vertical\" data-id=\"0f1fba9\" data-element_type=\"column\">\n\t\t\t<div class=\"elementor-widget-wrap\">\n\t\t\t\t\t\t\t<\/div>\n\t\t<\/div>\n\t\t\t\t<div class=\"elementor-column elementor-col-33 elementor-top-column elementor-element elementor-element-827f5a0 ot-flex-column-vertical\" data-id=\"827f5a0\" data-element_type=\"column\">\n\t\t\t<div class=\"elementor-widget-wrap\">\n\t\t\t\t\t\t\t<\/div>\n\t\t<\/div>\n\t\t\t\t\t<\/div>\n\t\t<\/section>\n\t\t\t\t<\/div>\n\t\t","protected":false},"excerpt":{"rendered":"<p>Kontakt-Kompleksi Siri Green Coast Villa \u201cFarke\u201d Vila Kor\u00e7\u00eb Park Life Green Valley&#8217; Vila in Himar\u00eb<\/p>\n","protected":false},"author":3,"featured_media":0,"parent":15774,"menu_order":0,"comment_status":"closed","ping_status":"closed","template":"","meta":{"_acf_changed":false,"footnotes":""},"class_list":["post-24642","page","type-page","status-publish","hentry"],"acf":[],"yoast_head":"<!-- This site is optimized with the Yoast SEO plugin v27.4 - https:\/\/yoast.com\/product\/yoast-seo-wordpress\/ -->\n<title>Residences - Veko<\/title>\n<meta name=\"robots\" content=\"index, follow, max-snippet:-1, max-image-preview:large, max-video-preview:-1\" \/>\n<link rel=\"canonical\" href=\"https:\/\/veko-al.com\/en\/about-veko\/residences\/\" \/>\n<meta property=\"og:locale\" content=\"en_US\" \/>\n<meta property=\"og:type\" content=\"article\" \/>\n<meta property=\"og:title\" content=\"Residences - Veko\" \/>\n<meta property=\"og:description\" content=\"Kontakt-Kompleksi Siri Green Coast Villa \u201cFarke\u201d Vila Kor\u00e7\u00eb Park Life Green Valley&#8217; Vila in Himar\u00eb\" \/>\n<meta property=\"og:url\" content=\"https:\/\/veko-al.com\/en\/about-veko\/residences\/\" \/>\n<meta property=\"og:site_name\" content=\"Veko\" \/>\n<meta property=\"article:publisher\" content=\"https:\/\/www.facebook.com\/VEKO.Ltd\/\" \/>\n<meta property=\"article:modified_time\" content=\"2025-09-11T14:50:25+00:00\" \/>\n<meta property=\"og:image\" content=\"https:\/\/veko-al.com\/wp-content\/uploads\/2021\/07\/Artboard-79-copy-20.jpg\" \/>\n\t<meta property=\"og:image:width\" content=\"460\" \/>\n\t<meta property=\"og:image:height\" content=\"530\" \/>\n\t<meta property=\"og:image:type\" content=\"image\/jpeg\" \/>\n<meta name=\"twitter:card\" content=\"summary_large_image\" \/>\n<meta name=\"twitter:site\" content=\"@VekoGroup\" \/>\n<meta name=\"twitter:label1\" content=\"Est. reading time\" \/>\n\t<meta name=\"twitter:data1\" content=\"1 minute\" \/>\n<script type=\"application\/ld+json\" class=\"yoast-schema-graph\">{\"@context\":\"https:\\\/\\\/schema.org\",\"@graph\":[{\"@type\":\"WebPage\",\"@id\":\"https:\\\/\\\/veko-al.com\\\/en\\\/about-veko\\\/residences\\\/\",\"url\":\"https:\\\/\\\/veko-al.com\\\/en\\\/about-veko\\\/residences\\\/\",\"name\":\"Residences - Veko\",\"isPartOf\":{\"@id\":\"https:\\\/\\\/veko-al.com\\\/en\\\/#website\"},\"primaryImageOfPage\":{\"@id\":\"https:\\\/\\\/veko-al.com\\\/en\\\/about-veko\\\/residences\\\/#primaryimage\"},\"image\":{\"@id\":\"https:\\\/\\\/veko-al.com\\\/en\\\/about-veko\\\/residences\\\/#primaryimage\"},\"thumbnailUrl\":\"https:\\\/\\\/veko-al.com\\\/wp-content\\\/uploads\\\/2021\\\/07\\\/Artboard-79-copy-20.jpg\",\"datePublished\":\"2021-07-16T07:57:40+00:00\",\"dateModified\":\"2025-09-11T14:50:25+00:00\",\"breadcrumb\":{\"@id\":\"https:\\\/\\\/veko-al.com\\\/en\\\/about-veko\\\/residences\\\/#breadcrumb\"},\"inLanguage\":\"en-US\",\"potentialAction\":[{\"@type\":\"ReadAction\",\"target\":[\"https:\\\/\\\/veko-al.com\\\/en\\\/about-veko\\\/residences\\\/\"]}]},{\"@type\":\"ImageObject\",\"inLanguage\":\"en-US\",\"@id\":\"https:\\\/\\\/veko-al.com\\\/en\\\/about-veko\\\/residences\\\/#primaryimage\",\"url\":\"https:\\\/\\\/veko-al.com\\\/wp-content\\\/uploads\\\/2021\\\/07\\\/Artboard-79-copy-20.jpg\",\"contentUrl\":\"https:\\\/\\\/veko-al.com\\\/wp-content\\\/uploads\\\/2021\\\/07\\\/Artboard-79-copy-20.jpg\"},{\"@type\":\"BreadcrumbList\",\"@id\":\"https:\\\/\\\/veko-al.com\\\/en\\\/about-veko\\\/residences\\\/#breadcrumb\",\"itemListElement\":[{\"@type\":\"ListItem\",\"position\":1,\"name\":\"Home\",\"item\":\"https:\\\/\\\/veko-al.com\\\/en\\\/\"},{\"@type\":\"ListItem\",\"position\":2,\"name\":\"Our story\",\"item\":\"https:\\\/\\\/veko-al.com\\\/en\\\/rreth-veko\\\/\"},{\"@type\":\"ListItem\",\"position\":3,\"name\":\"Residences\"}]},{\"@type\":\"WebSite\",\"@id\":\"https:\\\/\\\/veko-al.com\\\/en\\\/#website\",\"url\":\"https:\\\/\\\/veko-al.com\\\/en\\\/\",\"name\":\"Veko\",\"description\":\"Veko | Timber Products | Parquet | Furniture &amp; Interior Design\",\"publisher\":{\"@id\":\"https:\\\/\\\/veko-al.com\\\/en\\\/#organization\"},\"potentialAction\":[{\"@type\":\"SearchAction\",\"target\":{\"@type\":\"EntryPoint\",\"urlTemplate\":\"https:\\\/\\\/veko-al.com\\\/en\\\/?s={search_term_string}\"},\"query-input\":{\"@type\":\"PropertyValueSpecification\",\"valueRequired\":true,\"valueName\":\"search_term_string\"}}],\"inLanguage\":\"en-US\"},{\"@type\":\"Organization\",\"@id\":\"https:\\\/\\\/veko-al.com\\\/en\\\/#organization\",\"name\":\"Veko\",\"url\":\"https:\\\/\\\/veko-al.com\\\/en\\\/\",\"logo\":{\"@type\":\"ImageObject\",\"inLanguage\":\"en-US\",\"@id\":\"https:\\\/\\\/veko-al.com\\\/en\\\/#\\\/schema\\\/logo\\\/image\\\/\",\"url\":\"https:\\\/\\\/veko-al.com\\\/wp-content\\\/uploads\\\/2020\\\/06\\\/veko-logo.png\",\"contentUrl\":\"https:\\\/\\\/veko-al.com\\\/wp-content\\\/uploads\\\/2020\\\/06\\\/veko-logo.png\",\"width\":90,\"height\":90,\"caption\":\"Veko\"},\"image\":{\"@id\":\"https:\\\/\\\/veko-al.com\\\/en\\\/#\\\/schema\\\/logo\\\/image\\\/\"},\"sameAs\":[\"https:\\\/\\\/www.facebook.com\\\/VEKO.Ltd\\\/\",\"https:\\\/\\\/x.com\\\/VekoGroup\",\"https:\\\/\\\/www.instagram.com\\\/veko_group\\\/\",\"https:\\\/\\\/www.linkedin.com\\\/company\\\/veko-group\\\/\",\"https:\\\/\\\/www.youtube.com\\\/channel\\\/UCTRKtaHX-A60sAzCttcAbBw\"]}]}<\/script>\n<!-- \/ Yoast SEO plugin. -->","yoast_head_json":{"title":"Residences - Veko","robots":{"index":"index","follow":"follow","max-snippet":"max-snippet:-1","max-image-preview":"max-image-preview:large","max-video-preview":"max-video-preview:-1"},"canonical":"https:\/\/veko-al.com\/en\/about-veko\/residences\/","og_locale":"en_US","og_type":"article","og_title":"Residences - Veko","og_description":"Kontakt-Kompleksi Siri Green Coast Villa \u201cFarke\u201d Vila Kor\u00e7\u00eb Park Life Green Valley&#8217; Vila in Himar\u00eb","og_url":"https:\/\/veko-al.com\/en\/about-veko\/residences\/","og_site_name":"Veko","article_publisher":"https:\/\/www.facebook.com\/VEKO.Ltd\/","article_modified_time":"2025-09-11T14:50:25+00:00","og_image":[{"width":460,"height":530,"url":"https:\/\/veko-al.com\/wp-content\/uploads\/2021\/07\/Artboard-79-copy-20.jpg","type":"image\/jpeg"}],"twitter_card":"summary_large_image","twitter_site":"@VekoGroup","twitter_misc":{"Est. reading time":"1 minute"},"schema":{"@context":"https:\/\/schema.org","@graph":[{"@type":"WebPage","@id":"https:\/\/veko-al.com\/en\/about-veko\/residences\/","url":"https:\/\/veko-al.com\/en\/about-veko\/residences\/","name":"Residences - Veko","isPartOf":{"@id":"https:\/\/veko-al.com\/en\/#website"},"primaryImageOfPage":{"@id":"https:\/\/veko-al.com\/en\/about-veko\/residences\/#primaryimage"},"image":{"@id":"https:\/\/veko-al.com\/en\/about-veko\/residences\/#primaryimage"},"thumbnailUrl":"https:\/\/veko-al.com\/wp-content\/uploads\/2021\/07\/Artboard-79-copy-20.jpg","datePublished":"2021-07-16T07:57:40+00:00","dateModified":"2025-09-11T14:50:25+00:00","breadcrumb":{"@id":"https:\/\/veko-al.com\/en\/about-veko\/residences\/#breadcrumb"},"inLanguage":"en-US","potentialAction":[{"@type":"ReadAction","target":["https:\/\/veko-al.com\/en\/about-veko\/residences\/"]}]},{"@type":"ImageObject","inLanguage":"en-US","@id":"https:\/\/veko-al.com\/en\/about-veko\/residences\/#primaryimage","url":"https:\/\/veko-al.com\/wp-content\/uploads\/2021\/07\/Artboard-79-copy-20.jpg","contentUrl":"https:\/\/veko-al.com\/wp-content\/uploads\/2021\/07\/Artboard-79-copy-20.jpg"},{"@type":"BreadcrumbList","@id":"https:\/\/veko-al.com\/en\/about-veko\/residences\/#breadcrumb","itemListElement":[{"@type":"ListItem","position":1,"name":"Home","item":"https:\/\/veko-al.com\/en\/"},{"@type":"ListItem","position":2,"name":"Our story","item":"https:\/\/veko-al.com\/en\/rreth-veko\/"},{"@type":"ListItem","position":3,"name":"Residences"}]},{"@type":"WebSite","@id":"https:\/\/veko-al.com\/en\/#website","url":"https:\/\/veko-al.com\/en\/","name":"Veko","description":"Veko | Timber Products | Parquet | Furniture &amp; Interior Design","publisher":{"@id":"https:\/\/veko-al.com\/en\/#organization"},"potentialAction":[{"@type":"SearchAction","target":{"@type":"EntryPoint","urlTemplate":"https:\/\/veko-al.com\/en\/?s={search_term_string}"},"query-input":{"@type":"PropertyValueSpecification","valueRequired":true,"valueName":"search_term_string"}}],"inLanguage":"en-US"},{"@type":"Organization","@id":"https:\/\/veko-al.com\/en\/#organization","name":"Veko","url":"https:\/\/veko-al.com\/en\/","logo":{"@type":"ImageObject","inLanguage":"en-US","@id":"https:\/\/veko-al.com\/en\/#\/schema\/logo\/image\/","url":"https:\/\/veko-al.com\/wp-content\/uploads\/2020\/06\/veko-logo.png","contentUrl":"https:\/\/veko-al.com\/wp-content\/uploads\/2020\/06\/veko-logo.png","width":90,"height":90,"caption":"Veko"},"image":{"@id":"https:\/\/veko-al.com\/en\/#\/schema\/logo\/image\/"},"sameAs":["https:\/\/www.facebook.com\/VEKO.Ltd\/","https:\/\/x.com\/VekoGroup","https:\/\/www.instagram.com\/veko_group\/","https:\/\/www.linkedin.com\/company\/veko-group\/","https:\/\/www.youtube.com\/channel\/UCTRKtaHX-A60sAzCttcAbBw"]}]}},"wpml_current_locale":"en_US","wpml_translations":[{"locale":"sq_AL","id":21624,"slug":"rezidenca","post_title":"Rezidenca","href":"https:\/\/veko-al.com\/rreth-veko\/rezidenca\/"}],"_links":{"self":[{"href":"https:\/\/veko-al.com\/en\/wp-json\/wp\/v2\/pages\/24642","targetHints":{"allow":["GET"]}}],"collection":[{"href":"https:\/\/veko-al.com\/en\/wp-json\/wp\/v2\/pages"}],"about":[{"href":"https:\/\/veko-al.com\/en\/wp-json\/wp\/v2\/types\/page"}],"author":[{"embeddable":true,"href":"https:\/\/veko-al.com\/en\/wp-json\/wp\/v2\/users\/3"}],"replies":[{"embeddable":true,"href":"https:\/\/veko-al.com\/en\/wp-json\/wp\/v2\/comments?post=24642"}],"version-history":[{"count":33,"href":"https:\/\/veko-al.com\/en\/wp-json\/wp\/v2\/pages\/24642\/revisions"}],"predecessor-version":[{"id":61348,"href":"https:\/\/veko-al.com\/en\/wp-json\/wp\/v2\/pages\/24642\/revisions\/61348"}],"up":[{"embeddable":true,"href":"https:\/\/veko-al.com\/en\/wp-json\/wp\/v2\/pages\/15774"}],"wp:attachment":[{"href":"https:\/\/veko-al.com\/en\/wp-json\/wp\/v2\/media?parent=24642"}],"curies":[{"name":"wp","href":"https:\/\/api.w.org\/{rel}","templated":true}]}}